{"id":517,"date":"2021-06-07T17:40:48","date_gmt":"2021-06-07T15:40:48","guid":{"rendered":"https:\/\/wagner-glass.fashion\/?page_id=517"},"modified":"2021-10-28T12:28:56","modified_gmt":"2021-10-28T10:28:56","slug":"ombudsstelle","status":"publish","type":"page","link":"https:\/\/wagner-glass.fashion\/en\/ombudsstelle\/","title":{"rendered":"Help Desk"},"content":{"rendered":"<p class=\"has-text-align-center has-large-font-size\">Ombudsman's office<\/p>\n\n\n\n<p class=\"has-text-align-center has-medium-font-size\">For the entire textile chain, respecting human and labour rights and environmental protection is of the utmost importance and a personal concern for Victor Wagner und Glass Gmbh. To ensure that all voices can be heard in our company, we have a system in place for the complaints and suggestions of interest groups. <br><br>Your contact person is <strong>Ms Neli Seifert<\/strong>who can be reached by phone at: <a href=\"callto: 00431480811127\"><strong>+43 1 480 81 11 27<\/strong><\/a> or by email at: <a href=\"mailto:neli.seifert@wagner-glass.com\"><strong>neli.seifert@wagner-glass.com<\/strong><\/a> <br><br>You can also address your concern (including anonymously) by emailing us on\u00a0<strong>\u2192 <a href=\"mailto:responsibility@wagner-glass.com\">responsibility@wagner-glass.com<\/a><\/strong>. We can also be reached by phone at <a href=\"callto: 00431480811126\"><strong>+43 1 480 81 11 26<\/strong><\/a> We speak Bulgarian, Hungarian, Slovak, Turkish, English and Russian. We stand up for your rights!<\/p>\n\n\n\n<div style=\"height:70px\" aria-hidden=\"true\" class=\"wp-block-spacer\"><\/div>\n\n\n\n<div class=\"wp-block-columns is-layout-flex wp-container-core-columns-is-layout-9d6595d7 wp-block-columns-is-layout-flex\">\n<div class=\"wp-block-column is-layout-flow wp-block-column-is-layout-flow\">\n<details class=\"wp-block-wg-fashion-blocks-accordion accordion\"><summary class=\"accordion__summary\">WHAT IS AN OMBUDSMAN'S OFFICE?<\/summary><div class=\"content\">\n<p>An ombudsperson is an impartial arbitrator. An ombuds council is a panel of people who performs such arbitration tasks.<\/p>\n<\/div><\/details>\n<\/div>\n\n\n\n<div class=\"wp-block-column is-layout-flow wp-block-column-is-layout-flow\">\n<details class=\"wp-block-wg-fashion-blocks-accordion accordion\"><summary class=\"accordion__summary\">FORMULAR<\/summary><div class=\"content\">\n<div class=\"wp-block-contact-form-7-contact-form-selector\">\n<div class=\"wpcf7 no-js\" id=\"wpcf7-f650-o1\" lang=\"de-AT\" dir=\"ltr\" data-wpcf7-id=\"650\">\n<div class=\"screen-reader-response\"><p role=\"status\" aria-live=\"polite\" aria-atomic=\"true\"><\/p> <ul><\/ul><\/div>\n<form action=\"\/en\/wp-json\/wp\/v2\/pages\/517#wpcf7-f650-o1\" method=\"post\" class=\"wpcf7-form init\" aria-label=\"Contact form\" novalidate=\"novalidate\" data-status=\"init\" data-trp-original-action=\"\/en\/wp-json\/wp\/v2\/pages\/517#wpcf7-f650-o1\">\n<fieldset class=\"hidden-fields-container\"><input type=\"hidden\" name=\"_wpcf7\" value=\"650\" \/><input type=\"hidden\" name=\"_wpcf7_version\" value=\"6.1.5\" \/><input type=\"hidden\" name=\"_wpcf7_locale\" value=\"de_AT\" \/><input type=\"hidden\" name=\"_wpcf7_unit_tag\" value=\"wpcf7-f650-o1\" \/><input type=\"hidden\" name=\"_wpcf7_container_post\" value=\"0\" \/><input type=\"hidden\" name=\"_wpcf7_posted_data_hash\" value=\"\" \/><input type=\"hidden\" name=\"_wpcf7_recaptcha_response\" value=\"\" \/>\n<\/fieldset>\n<p><label> Your name<br \/>\n<span class=\"wpcf7-form-control-wrap\" data-name=\"your-name\"><input size=\"40\" maxlength=\"400\" class=\"wpcf7-form-control wpcf7-text wpcf7-validates-as-required\" aria-required=\"true\" aria-invalid=\"false\" value=\"\" type=\"text\" name=\"your-name\" \/><\/span> <\/label>\n<\/p>\n<p><label> Your email<br \/>\n<span class=\"wpcf7-form-control-wrap\" data-name=\"your-email\"><input size=\"40\" maxlength=\"400\" class=\"wpcf7-form-control wpcf7-email wpcf7-validates-as-required wpcf7-text wpcf7-validates-as-email\" aria-required=\"true\" aria-invalid=\"false\" value=\"\" type=\"email\" name=\"your-email\" \/><\/span> <\/label>\n<\/p>\n<p><label> Subject<br \/>\n<span class=\"wpcf7-form-control-wrap\" data-name=\"your-subject\"><input size=\"40\" maxlength=\"400\" class=\"wpcf7-form-control wpcf7-text wpcf7-validates-as-required\" aria-required=\"true\" aria-invalid=\"false\" value=\"\" type=\"text\" name=\"your-subject\" \/><\/span> <\/label>\n<\/p>\n<p><label> Your message (optional)<br \/>\n<span class=\"wpcf7-form-control-wrap\" data-name=\"your-message\"><textarea cols=\"40\" rows=\"10\" maxlength=\"2000\" class=\"wpcf7-form-control wpcf7-textarea\" aria-invalid=\"false\" name=\"your-message\"><\/textarea><\/span> <\/label>\n<\/p>\n<p><input class=\"wpcf7-form-control wpcf7-submit has-spinner\" type=\"submit\" value=\"Submit\" \/>\n<\/p><div class=\"wpcf7-response-output\" aria-hidden=\"true\"><\/div>\n<input type=\"hidden\" name=\"trp-form-language\" value=\"en\"\/><\/form>\n<\/div>\n<\/div>\n<\/div><\/details>\n<\/div>\n<\/div>\n\n\n\n<div style=\"height:70px\" aria-hidden=\"true\" class=\"wp-block-spacer\"><\/div>\n\n\n\n<p class=\"has-text-align-center has-medium-font-size\">Process<\/p>\n\n\n\n<div class=\"wp-block-columns is-layout-flex wp-container-core-columns-is-layout-9d6595d7 wp-block-columns-is-layout-flex\">\n<div class=\"wp-block-column is-layout-flow wp-block-column-is-layout-flow\">\n<div class=\"wp-block-media-text alignwide is-stacked-on-mobile\" style=\"grid-template-columns:26% auto\"><figure class=\"wp-block-media-text__media\"><img loading=\"lazy\" decoding=\"async\" width=\"113\" height=\"85\" src=\"https:\/\/wagner-glass.fashion\/wp-content\/uploads\/2021\/06\/kuvert-02-01-01.svg\" alt=\"\" class=\"wp-image-723 size-thumbnail\"\/><\/figure><div class=\"wp-block-media-text__content\">\n<p class=\"has-smaller-font-size\"><strong>1<\/strong><br>Receipt of the complaint<\/p>\n<\/div><\/div>\n<\/div>\n\n\n\n<div class=\"wp-block-column is-layout-flow wp-block-column-is-layout-flow\">\n<div class=\"wp-block-media-text alignwide is-stacked-on-mobile\" style=\"grid-template-columns:29% auto\"><figure class=\"wp-block-media-text__media\"><img loading=\"lazy\" decoding=\"async\" width=\"113\" height=\"85\" src=\"https:\/\/wagner-glass.fashion\/wp-content\/uploads\/2021\/06\/einordnung-und-bestaetigung-02-01.svg\" alt=\"\" class=\"wp-image-710 size-thumbnail\"\/><\/figure><div class=\"wp-block-media-text__content\">\n<p class=\"has-smaller-font-size\"><strong>2<\/strong><br>Classification and confirmation of its receipt within three working days<\/p>\n<\/div><\/div>\n<\/div>\n\n\n\n<div class=\"wp-block-column is-layout-flow wp-block-column-is-layout-flow\">\n<div class=\"wp-block-media-text alignwide is-stacked-on-mobile\" style=\"grid-template-columns:24% auto\"><figure class=\"wp-block-media-text__media\"><img loading=\"lazy\" decoding=\"async\" width=\"113\" height=\"85\" src=\"https:\/\/wagner-glass.fashion\/wp-content\/uploads\/2021\/06\/dialog-01.svg\" alt=\"\" class=\"wp-image-703 size-full\"\/><\/figure><div class=\"wp-block-media-text__content\">\n<p class=\"has-smaller-font-size\"><strong>3<\/strong><br>Exchange with all stakeholders (dialogue)<\/p>\n<\/div><\/div>\n<\/div>\n<\/div>\n\n\n\n<div class=\"wp-block-columns is-layout-flex wp-container-core-columns-is-layout-9d6595d7 wp-block-columns-is-layout-flex\">\n<div class=\"wp-block-column is-layout-flow wp-block-column-is-layout-flow\">\n<div class=\"wp-block-media-text alignwide is-stacked-on-mobile\" style=\"grid-template-columns:26% auto\"><figure class=\"wp-block-media-text__media\"><img loading=\"lazy\" decoding=\"async\" width=\"113\" height=\"85\" src=\"https:\/\/wagner-glass.fashion\/wp-content\/uploads\/2021\/06\/konfliktloesung-01.svg\" alt=\"\" class=\"wp-image-707 size-thumbnail\"\/><\/figure><div class=\"wp-block-media-text__content\">\n<p class=\"has-smaller-font-size\"><strong>4<\/strong><br>Joint <br>conflict resolution<\/p>\n<\/div><\/div>\n<\/div>\n\n\n\n<div class=\"wp-block-column is-layout-flow wp-block-column-is-layout-flow\">\n<div class=\"wp-block-media-text alignwide is-stacked-on-mobile\" style=\"grid-template-columns:28% auto\"><figure class=\"wp-block-media-text__media\"><img loading=\"lazy\" decoding=\"async\" width=\"113\" height=\"85\" src=\"https:\/\/wagner-glass.fashion\/wp-content\/uploads\/2021\/06\/wiedergutmachung-01.svg\" alt=\"\" class=\"wp-image-716 size-full\"\/><\/figure><div class=\"wp-block-media-text__content\">\n<p class=\"has-smaller-font-size\"><strong>5<\/strong><br>Performance of the agreed form of reparation<\/p>\n<\/div><\/div>\n<\/div>\n\n\n\n<div class=\"wp-block-column is-layout-flow wp-block-column-is-layout-flow\">\n<div class=\"wp-block-media-text alignwide is-stacked-on-mobile\" style=\"grid-template-columns:24% auto\"><figure class=\"wp-block-media-text__media\"><img loading=\"lazy\" decoding=\"async\" width=\"113\" height=\"85\" src=\"https:\/\/wagner-glass.fashion\/wp-content\/uploads\/2021\/06\/beendigung-01.svg\" alt=\"\" class=\"wp-image-718 size-full\"\/><\/figure><div class=\"wp-block-media-text__content\">\n<p class=\"has-smaller-font-size\"><strong>6<\/strong><br>Termination of the procedure<\/p>\n<\/div><\/div>\n<\/div>\n<\/div>\n\n\n\n<div class=\"wp-block-columns is-layout-flex wp-container-core-columns-is-layout-9d6595d7 wp-block-columns-is-layout-flex\">\n<div class=\"wp-block-column is-layout-flow wp-block-column-is-layout-flow\">\n<div class=\"wp-block-media-text alignwide is-stacked-on-mobile\" style=\"grid-template-columns:26% auto\"><figure class=\"wp-block-media-text__media\"><img loading=\"lazy\" decoding=\"async\" width=\"113\" height=\"85\" src=\"https:\/\/wagner-glass.fashion\/wp-content\/uploads\/2021\/06\/regelmaessige-ueberpruefung-01.svg\" alt=\"\" class=\"wp-image-726 size-thumbnail\"\/><\/figure><div class=\"wp-block-media-text__content\">\n<p class=\"has-smaller-font-size\"><strong>7<\/strong><br>Regular review of the effectiveness of the complaint process<\/p>\n<\/div><\/div>\n<\/div>\n\n\n\n<div class=\"wp-block-column is-layout-flow wp-block-column-is-layout-flow\">\n<div class=\"wp-block-media-text alignwide is-stacked-on-mobile\"><figure class=\"wp-block-media-text__media\"><\/figure><div class=\"wp-block-media-text__content\">\n<p class=\"has-large-font-size\"><\/p>\n<\/div><\/div>\n<\/div>\n\n\n\n<div class=\"wp-block-column is-layout-flow wp-block-column-is-layout-flow\"><\/div>\n<\/div>","protected":false},"excerpt":{"rendered":"<p>Ombudsstelle F\u00fcr die gesamte Textilkette ist das Einhalten der Menschen- und Arbeitsrechte und das Umweltschutz \u00a0f\u00fcr die Firma Victor Wagner und Glass Gmbh von gr\u00f6\u00dfter Bedeutung und ein pers\u00f6nliches Anliegen. Um in unserem Unternehmen Geh\u00f6r zu schaffen stellen wir ein System f\u00fcr Beschwerden und Vorschl\u00e4ge von Anspuchsgruppen zur Verf\u00fcgung. Ihre Ansprechperson ist Frau Mag. Neli [&hellip;]<\/p>\n","protected":false},"author":2,"featured_media":0,"parent":0,"menu_order":0,"comment_status":"closed","ping_status":"closed","template":"","meta":{"footnotes":""},"class_list":["post-517","page","type-page","status-publish","hentry"],"yoast_head":"<!-- This site is optimized with the Yoast SEO plugin v27.4 - https:\/\/yoast.com\/product\/yoast-seo-wordpress\/ -->\n<title>Help Desk - Wagner &amp; Glass<\/title>\n<meta name=\"robots\" content=\"index, follow, max-snippet:-1, max-image-preview:large, max-video-preview:-1\" \/>\n<link rel=\"canonical\" href=\"https:\/\/wagner-glass.fashion\/en\/ombudsstelle\/\" \/>\n<meta property=\"og:locale\" content=\"en_US\" \/>\n<meta property=\"og:type\" content=\"article\" \/>\n<meta property=\"og:title\" content=\"Help Desk - Wagner &amp; Glass\" \/>\n<meta property=\"og:description\" content=\"Ombudsstelle F\u00fcr die gesamte Textilkette ist das Einhalten der Menschen- und Arbeitsrechte und das Umweltschutz \u00a0f\u00fcr die Firma Victor Wagner und Glass Gmbh von gr\u00f6\u00dfter Bedeutung und ein pers\u00f6nliches Anliegen. Um in unserem Unternehmen Geh\u00f6r zu schaffen stellen wir ein System f\u00fcr Beschwerden und Vorschl\u00e4ge von Anspuchsgruppen zur Verf\u00fcgung. Ihre Ansprechperson ist Frau Mag. Neli [&hellip;]\" \/>\n<meta property=\"og:url\" content=\"https:\/\/wagner-glass.fashion\/en\/ombudsstelle\/\" \/>\n<meta property=\"og:site_name\" content=\"Wagner &amp; Glass\" \/>\n<meta property=\"article:modified_time\" content=\"2021-10-28T10:28:56+00:00\" \/>\n<meta property=\"og:image\" content=\"https:\/\/wagner-glass.fashion\/wp-content\/uploads\/2021\/06\/kuvert-02-01-01.svg\" \/>\n<meta name=\"twitter:card\" content=\"summary_large_image\" \/>\n<meta name=\"twitter:label1\" content=\"Est. reading time\" \/>\n\t<meta name=\"twitter:data1\" content=\"3 minutes\" \/>\n<script type=\"application\/ld+json\" class=\"yoast-schema-graph\">{\"@context\":\"https:\\\/\\\/schema.org\",\"@graph\":[{\"@type\":\"WebPage\",\"@id\":\"https:\\\/\\\/wagner-glass.fashion\\\/ombudsstelle\\\/\",\"url\":\"https:\\\/\\\/wagner-glass.fashion\\\/ombudsstelle\\\/\",\"name\":\"Help Desk - Wagner &amp; Glass\",\"isPartOf\":{\"@id\":\"https:\\\/\\\/wagner-glass.fashion\\\/#website\"},\"primaryImageOfPage\":{\"@id\":\"https:\\\/\\\/wagner-glass.fashion\\\/ombudsstelle\\\/#primaryimage\"},\"image\":{\"@id\":\"https:\\\/\\\/wagner-glass.fashion\\\/ombudsstelle\\\/#primaryimage\"},\"thumbnailUrl\":\"https:\\\/\\\/wagner-glass.fashion\\\/wp-content\\\/uploads\\\/2021\\\/06\\\/kuvert-02-01-01.svg\",\"datePublished\":\"2021-06-07T15:40:48+00:00\",\"dateModified\":\"2021-10-28T10:28:56+00:00\",\"breadcrumb\":{\"@id\":\"https:\\\/\\\/wagner-glass.fashion\\\/ombudsstelle\\\/#breadcrumb\"},\"inLanguage\":\"en-US\",\"potentialAction\":[{\"@type\":\"ReadAction\",\"target\":[\"https:\\\/\\\/wagner-glass.fashion\\\/ombudsstelle\\\/\"]}]},{\"@type\":\"ImageObject\",\"inLanguage\":\"en-US\",\"@id\":\"https:\\\/\\\/wagner-glass.fashion\\\/ombudsstelle\\\/#primaryimage\",\"url\":\"https:\\\/\\\/wagner-glass.fashion\\\/wp-content\\\/uploads\\\/2021\\\/06\\\/kuvert-02-01-01.svg\",\"contentUrl\":\"https:\\\/\\\/wagner-glass.fashion\\\/wp-content\\\/uploads\\\/2021\\\/06\\\/kuvert-02-01-01.svg\"},{\"@type\":\"BreadcrumbList\",\"@id\":\"https:\\\/\\\/wagner-glass.fashion\\\/ombudsstelle\\\/#breadcrumb\",\"itemListElement\":[{\"@type\":\"ListItem\",\"position\":1,\"name\":\"Home\",\"item\":\"https:\\\/\\\/wagner-glass.fashion\\\/\"},{\"@type\":\"ListItem\",\"position\":2,\"name\":\"Help Desk\"}]},{\"@type\":\"WebSite\",\"@id\":\"https:\\\/\\\/wagner-glass.fashion\\\/#website\",\"url\":\"https:\\\/\\\/wagner-glass.fashion\\\/\",\"name\":\"Wagner & Glass\",\"description\":\"\",\"publisher\":{\"@id\":\"https:\\\/\\\/wagner-glass.fashion\\\/#organization\"},\"potentialAction\":[{\"@type\":\"SearchAction\",\"target\":{\"@type\":\"EntryPoint\",\"urlTemplate\":\"https:\\\/\\\/wagner-glass.fashion\\\/?s={search_term_string}\"},\"query-input\":{\"@type\":\"PropertyValueSpecification\",\"valueRequired\":true,\"valueName\":\"search_term_string\"}}],\"inLanguage\":\"en-US\"},{\"@type\":\"Organization\",\"@id\":\"https:\\\/\\\/wagner-glass.fashion\\\/#organization\",\"name\":\"Wagner & Glass\",\"url\":\"https:\\\/\\\/wagner-glass.fashion\\\/\",\"logo\":{\"@type\":\"ImageObject\",\"inLanguage\":\"en-US\",\"@id\":\"https:\\\/\\\/wagner-glass.fashion\\\/#\\\/schema\\\/logo\\\/image\\\/\",\"url\":\"https:\\\/\\\/wagner-glass.fashion\\\/wp-content\\\/uploads\\\/2021\\\/09\\\/cropped-WAGL-LOGO-Outline.png\",\"contentUrl\":\"https:\\\/\\\/wagner-glass.fashion\\\/wp-content\\\/uploads\\\/2021\\\/09\\\/cropped-WAGL-LOGO-Outline.png\",\"width\":512,\"height\":512,\"caption\":\"Wagner & Glass\"},\"image\":{\"@id\":\"https:\\\/\\\/wagner-glass.fashion\\\/#\\\/schema\\\/logo\\\/image\\\/\"},\"sameAs\":[\"https:\\\/\\\/www.instagram.com\\\/wagnerundglass\\\/\"]}]}<\/script>\n<!-- \/ Yoast SEO plugin. -->","yoast_head_json":{"title":"Help Desk - Wagner &amp; Glass","robots":{"index":"index","follow":"follow","max-snippet":"max-snippet:-1","max-image-preview":"max-image-preview:large","max-video-preview":"max-video-preview:-1"},"canonical":"https:\/\/wagner-glass.fashion\/en\/ombudsstelle\/","og_locale":"en_US","og_type":"article","og_title":"Help Desk - Wagner &amp; Glass","og_description":"Ombudsstelle F\u00fcr die gesamte Textilkette ist das Einhalten der Menschen- und Arbeitsrechte und das Umweltschutz \u00a0f\u00fcr die Firma Victor Wagner und Glass Gmbh von gr\u00f6\u00dfter Bedeutung und ein pers\u00f6nliches Anliegen. Um in unserem Unternehmen Geh\u00f6r zu schaffen stellen wir ein System f\u00fcr Beschwerden und Vorschl\u00e4ge von Anspuchsgruppen zur Verf\u00fcgung. Ihre Ansprechperson ist Frau Mag. Neli [&hellip;]","og_url":"https:\/\/wagner-glass.fashion\/en\/ombudsstelle\/","og_site_name":"Wagner &amp; Glass","article_modified_time":"2021-10-28T10:28:56+00:00","og_image":[{"url":"https:\/\/wagner-glass.fashion\/wp-content\/uploads\/2021\/06\/kuvert-02-01-01.svg","type":"","width":"","height":""}],"twitter_card":"summary_large_image","twitter_misc":{"Est. reading time":"3 minutes"},"schema":{"@context":"https:\/\/schema.org","@graph":[{"@type":"WebPage","@id":"https:\/\/wagner-glass.fashion\/ombudsstelle\/","url":"https:\/\/wagner-glass.fashion\/ombudsstelle\/","name":"Help Desk - Wagner &amp; Glass","isPartOf":{"@id":"https:\/\/wagner-glass.fashion\/#website"},"primaryImageOfPage":{"@id":"https:\/\/wagner-glass.fashion\/ombudsstelle\/#primaryimage"},"image":{"@id":"https:\/\/wagner-glass.fashion\/ombudsstelle\/#primaryimage"},"thumbnailUrl":"https:\/\/wagner-glass.fashion\/wp-content\/uploads\/2021\/06\/kuvert-02-01-01.svg","datePublished":"2021-06-07T15:40:48+00:00","dateModified":"2021-10-28T10:28:56+00:00","breadcrumb":{"@id":"https:\/\/wagner-glass.fashion\/ombudsstelle\/#breadcrumb"},"inLanguage":"en-US","potentialAction":[{"@type":"ReadAction","target":["https:\/\/wagner-glass.fashion\/ombudsstelle\/"]}]},{"@type":"ImageObject","inLanguage":"en-US","@id":"https:\/\/wagner-glass.fashion\/ombudsstelle\/#primaryimage","url":"https:\/\/wagner-glass.fashion\/wp-content\/uploads\/2021\/06\/kuvert-02-01-01.svg","contentUrl":"https:\/\/wagner-glass.fashion\/wp-content\/uploads\/2021\/06\/kuvert-02-01-01.svg"},{"@type":"BreadcrumbList","@id":"https:\/\/wagner-glass.fashion\/ombudsstelle\/#breadcrumb","itemListElement":[{"@type":"ListItem","position":1,"name":"Home","item":"https:\/\/wagner-glass.fashion\/"},{"@type":"ListItem","position":2,"name":"Help Desk"}]},{"@type":"WebSite","@id":"https:\/\/wagner-glass.fashion\/#website","url":"https:\/\/wagner-glass.fashion\/","name":"Wagner & Glass","description":"","publisher":{"@id":"https:\/\/wagner-glass.fashion\/#organization"},"potentialAction":[{"@type":"SearchAction","target":{"@type":"EntryPoint","urlTemplate":"https:\/\/wagner-glass.fashion\/?s={search_term_string}"},"query-input":{"@type":"PropertyValueSpecification","valueRequired":true,"valueName":"search_term_string"}}],"inLanguage":"en-US"},{"@type":"Organization","@id":"https:\/\/wagner-glass.fashion\/#organization","name":"Wagner & Glass","url":"https:\/\/wagner-glass.fashion\/","logo":{"@type":"ImageObject","inLanguage":"en-US","@id":"https:\/\/wagner-glass.fashion\/#\/schema\/logo\/image\/","url":"https:\/\/wagner-glass.fashion\/wp-content\/uploads\/2021\/09\/cropped-WAGL-LOGO-Outline.png","contentUrl":"https:\/\/wagner-glass.fashion\/wp-content\/uploads\/2021\/09\/cropped-WAGL-LOGO-Outline.png","width":512,"height":512,"caption":"Wagner & Glass"},"image":{"@id":"https:\/\/wagner-glass.fashion\/#\/schema\/logo\/image\/"},"sameAs":["https:\/\/www.instagram.com\/wagnerundglass\/"]}]}},"_links":{"self":[{"href":"https:\/\/wagner-glass.fashion\/en\/wp-json\/wp\/v2\/pages\/517","targetHints":{"allow":["GET"]}}],"collection":[{"href":"https:\/\/wagner-glass.fashion\/en\/wp-json\/wp\/v2\/pages"}],"about":[{"href":"https:\/\/wagner-glass.fashion\/en\/wp-json\/wp\/v2\/types\/page"}],"author":[{"embeddable":true,"href":"https:\/\/wagner-glass.fashion\/en\/wp-json\/wp\/v2\/users\/2"}],"replies":[{"embeddable":true,"href":"https:\/\/wagner-glass.fashion\/en\/wp-json\/wp\/v2\/comments?post=517"}],"version-history":[{"count":66,"href":"https:\/\/wagner-glass.fashion\/en\/wp-json\/wp\/v2\/pages\/517\/revisions"}],"predecessor-version":[{"id":1725,"href":"https:\/\/wagner-glass.fashion\/en\/wp-json\/wp\/v2\/pages\/517\/revisions\/1725"}],"wp:attachment":[{"href":"https:\/\/wagner-glass.fashion\/en\/wp-json\/wp\/v2\/media?parent=517"}],"curies":[{"name":"wp","href":"https:\/\/api.w.org\/{rel}","templated":true}]}}