{"id":335,"date":"2021-05-20T13:34:30","date_gmt":"2021-05-20T11:34:30","guid":{"rendered":"https:\/\/wagner-glass.fashion\/?page_id=335"},"modified":"2022-03-01T19:02:40","modified_gmt":"2022-03-01T18:02:40","slug":"datenschutz","status":"publish","type":"page","link":"https:\/\/wagner-glass.fashion\/en\/datenschutz\/","title":{"rendered":"Data protection"},"content":{"rendered":"<h2 class=\"has-text-align-center wp-block-heading\" id=\"datenschutz\">Data Protection<\/h2>\n\n\n\n<p>Victor Wagner &amp; Glass GmbH takes the protection of your personal data very seriously and strictly adheres to the rules of data protection laws. Personal data is only collected on this website to the extent technically necessary. Under no circumstances will the collected data be sold or passed on to third parties for other reasons.<\/p>\n\n\n\n<p>We treat your personal data confidentially and in accordance with the statutory data protection regulations and this data protection declaration.<\/p>\n\n\n\n<p>Our website can usually be used without providing any personal data. Insofar as personal data (e.g. name, address or e-mail addresses) is collected on our website, this is always done on a voluntary basis as far as possible. This data will not be passed on to third parties without your express consent. We would like to point out that data transmission on the Internet (e.g. when communicating by e-mail) can have security gaps. A complete protection of the data against access by third parties is not possible.<\/p>\n\n\n\n<h2 class=\"wp-block-heading\" id=\"cookies\">COOKIES<\/h2>\n\n\n\n<p>Some of the websites use so-called cookies. Cookies do not damage your computer and do not contain viruses. Cookies serve to make our offer more user-friendly, effective and secure. Cookies are small text files that are stored on your computer and saved by your browser.<\/p>\n\n\n\n<p>Most of the cookies we use are so-called \u201csession cookies\u201d. They are automatically deleted after your visit. Other cookies remain stored on your end device until you delete them. These cookies enable us to recognize your browser on your next visit<\/p>\n\n\n\n<p>You can set your browser so that you are informed about the setting of cookies and only allow cookies in individual cases, exclude the acceptance of cookies for certain cases or in general and activate the automatic deletion of cookies when the browser is closed. If cookies are deactivated, the functionality of this website may be restricted.<\/p>\n\n\n\n<h2 class=\"wp-block-heading\" id=\"server-log-files\">SERVER-LOG-FILES<\/h2>\n\n\n\n<p>The provider of the pages automatically collects and stores information in so-called server log files, which your browser automatically transmits to us. These are:<\/p>\n\n\n\n<ul class=\"wp-block-list\"><li>Browser type and browser version<\/li><li>operating system used<\/li><li>Referrer URL<\/li><li>Host name of the accessing computer<\/li><li>Time of server request<\/li><\/ul>\n\n\n\n<p>Diese Daten sind nicht bestimmten Personen zuordenbar. Eine Zusammenf\u00fchrung dieser Daten mit anderen Datenquellen wird nicht vorgenommen. Wir behalten uns vor, diese Daten nachtr\u00e4glich zu pr\u00fcfen, wenn uns konkrete Anhaltspunkte f\u00fcr eine rechtswidrige Nutzung bekannt werden.<\/p>\n\n\n\n<h2 class=\"wp-block-heading\" id=\"kontaktformular\">CONTACT FORM<\/h2>\n\n\n\n<p>If you send us inquiries via the contact form, your details from the inquiry form, including the contact details you provided there, will be stored by us for the purpose of processing the inquiry and in the event of follow-up questions. We do not pass on this data without your consent.<\/p>\n\n\n\n<h2 class=\"wp-block-heading\" id=\"newsletterdaten\">NEWSLETTER DATA<\/h2>\n\n\n\n<p>If you would like to receive the newsletter offered on the website, we need an e-mail address from you as well as information that allows us to verify that you are the owner of the e-mail address provided and that you agree to receive the newsletter . Further data is not collected. We use this data exclusively for sending the requested information and do not pass it on to third parties.<\/p>\n\n\n\n<p>You can revoke your consent to the storage of the data, the e-mail address and their use for sending the newsletter at any time, for example via the \"unsubscribe\" link in the newsletter.<\/p>\n\n\n\n<h2 class=\"wp-block-heading\" id=\"google-analytics\">GOOGLE ANALYTICS<\/h2>\n\n\n\n<p>This website uses functions of the web analysis service Google Analytics. The provider is Google Inc., 1600 Amphitheater Parkway Mountain View, CA 94043, USA.<\/p>\n\n\n\n<p>Google Analytics uses so-called \"cookies\". These are text files that are stored on your computer and that enable an analysis of your use of the website. The information generated by the cookie about your use of this website is usually transmitted to a Google server in the USA and stored there.<\/p>\n\n\n\n<p><strong>IP anonymization<\/strong><\/p>\n\n\n\n<p>We have activated the IP anonymization function on this website. As a result, your IP address will be shortened by Google within member states of the European Union or in other contracting states of the Agreement on the European Economic Area before it is transmitted to the USA. Only in exceptional cases will the full IP address be sent to a Google server in the USA and shortened there. On behalf of the operator of this website, Google will use this information to evaluate your use of the website, to compile reports on website activity and to provide other services related to website activity and internet usage to the website operator. The IP address transmitted by your browser as part of Google Analytics will not be merged with other Google data.<\/p>\n\n\n\n<p><strong>Browser Plugin<\/strong><\/p>\n\n\n\n<p>You can prevent the storage of cookies by setting your browser software accordingly; we would like to point out to you however that in this case you will if applicable not be able to use all functions of this website in full. You can also prevent Google from collecting the data generated by the cookie and related to your use of the website (including your IP address) and from processing this data by Google by downloading the browser plug-in available under the following link and install:<a href=\"https:\/\/tools.google.com\/dlpage\/gaoptout?hl=de\"> https:\/\/tools.google.com\/dlpage\/gaoptout?hl=de<\/a><\/p>\n\n\n\n<p><strong>Objection against data collection<\/strong><\/p>\n\n\n\n<p>You can prevent Google Analytics from collecting your data by clicking on the following link. An opt-out cookie will be set to prevent your data from being collected on future visits to this website:&nbsp;<a>-&gt; Disable Google Analytics<\/a><\/p>\n\n\n\n<p>You can find more information on how Google Analytics handles user data in Google's privacy policy:&nbsp;<a href=\"https:\/\/support.google.com\/analytics\/answer\/6004245?hl=de\"> https:\/\/support.google.com\/analytics\/answer\/6004245?hl=de<\/a><\/p>\n\n\n\n<h2 class=\"wp-block-heading\" id=\"sslverschlusselung\">SSL ENCRYPTION<\/h2>\n\n\n\n<p>For security reasons and to protect the transmission of confidential content, such as the inquiries you send to us as the site operator, this site uses SSL encryption. You can recognize an encrypted connection by the fact that the address line of the browser changes from \"http:\/\/\" to \"https:\/\/\" and by the lock symbol in your browser line.<\/p>\n\n\n\n<p>If SSL encryption is activated, the data you transmit to us cannot be read by third parties.<\/p>\n\n\n\n<h2 class=\"wp-block-heading\" id=\"recht-auf-auskunft-loschung-sperrung\">RIGHT TO INFORMATION, DELETION, BLOCKING<\/h2>\n\n\n\n<p>You have the right to free information about your stored personal data, its origin and recipient and the purpose of the data processing as well as a right to correction, blocking or deletion of this data at any time. You can contact us at any time at the address given in the imprint if you have any further questions on the subject of personal data.<\/p>\n\n\n\n<h2 class=\"wp-block-heading\" id=\"widerspruch-werbe-mails\">OBJECTION TO ADVERTISING EMAILS<\/h2>\n\n\n\n<p>We hereby object to the use of contact data published as part of the imprint obligation to send unsolicited advertising and information material. The site operators expressly reserve the right to take legal action in the event of unsolicited advertising being sent, such as spam e-mails.<\/p>","protected":false},"excerpt":{"rendered":"<p>Datenschutz Die Victor Wagner &amp; Glass GmbH nimmt den Schutz Ihrer pers\u00f6nlichen Daten sehr ernst und h\u00e4lt sich strikt an die Regeln der Datenschutzgesetze. Personenbezogene Daten werden auf dieser Webseite nur im technisch notwendigen Umfang erhoben. In keinem Fall werden die erhobenen Daten verkauft oder aus anderen Gr\u00fcnden an Dritte weitergegeben. Wir behandeln Ihre personenbezogenen [&hellip;]<\/p>\n","protected":false},"author":2,"featured_media":0,"parent":0,"menu_order":0,"comment_status":"closed","ping_status":"closed","template":"","meta":{"footnotes":""},"class_list":["post-335","page","type-page","status-publish","hentry"],"yoast_head":"<!-- This site is optimized with the Yoast SEO plugin v27.3 - https:\/\/yoast.com\/product\/yoast-seo-wordpress\/ -->\n<title>DATENSCHUTZ B2C - Wagner &amp; Glass<\/title>\n<meta name=\"robots\" content=\"index, follow, max-snippet:-1, max-image-preview:large, max-video-preview:-1\" \/>\n<link rel=\"canonical\" href=\"https:\/\/wagner-glass.fashion\/en\/datenschutz\/\" \/>\n<meta property=\"og:locale\" content=\"en_US\" \/>\n<meta property=\"og:type\" content=\"article\" \/>\n<meta property=\"og:title\" content=\"DATENSCHUTZ B2C - Wagner &amp; Glass\" \/>\n<meta property=\"og:description\" content=\"Datenschutz Die Victor Wagner &amp; Glass GmbH nimmt den Schutz Ihrer pers\u00f6nlichen Daten sehr ernst und h\u00e4lt sich strikt an die Regeln der Datenschutzgesetze. Personenbezogene Daten werden auf dieser Webseite nur im technisch notwendigen Umfang erhoben. In keinem Fall werden die erhobenen Daten verkauft oder aus anderen Gr\u00fcnden an Dritte weitergegeben. Wir behandeln Ihre personenbezogenen [&hellip;]\" \/>\n<meta property=\"og:url\" content=\"https:\/\/wagner-glass.fashion\/en\/datenschutz\/\" \/>\n<meta property=\"og:site_name\" content=\"Wagner &amp; Glass\" \/>\n<meta property=\"article:modified_time\" content=\"2022-03-01T18:02:40+00:00\" \/>\n<meta name=\"twitter:card\" content=\"summary_large_image\" \/>\n<meta name=\"twitter:label1\" content=\"Est. reading time\" \/>\n\t<meta name=\"twitter:data1\" content=\"6 minutes\" \/>\n<script type=\"application\/ld+json\" class=\"yoast-schema-graph\">{\"@context\":\"https:\\\/\\\/schema.org\",\"@graph\":[{\"@type\":\"WebPage\",\"@id\":\"https:\\\/\\\/wagner-glass.fashion\\\/datenschutz\\\/\",\"url\":\"https:\\\/\\\/wagner-glass.fashion\\\/datenschutz\\\/\",\"name\":\"DATENSCHUTZ B2C - Wagner &amp; Glass\",\"isPartOf\":{\"@id\":\"https:\\\/\\\/wagner-glass.fashion\\\/#website\"},\"datePublished\":\"2021-05-20T11:34:30+00:00\",\"dateModified\":\"2022-03-01T18:02:40+00:00\",\"breadcrumb\":{\"@id\":\"https:\\\/\\\/wagner-glass.fashion\\\/datenschutz\\\/#breadcrumb\"},\"inLanguage\":\"en-US\",\"potentialAction\":[{\"@type\":\"ReadAction\",\"target\":[\"https:\\\/\\\/wagner-glass.fashion\\\/datenschutz\\\/\"]}]},{\"@type\":\"BreadcrumbList\",\"@id\":\"https:\\\/\\\/wagner-glass.fashion\\\/datenschutz\\\/#breadcrumb\",\"itemListElement\":[{\"@type\":\"ListItem\",\"position\":1,\"name\":\"Home\",\"item\":\"https:\\\/\\\/wagner-glass.fashion\\\/\"},{\"@type\":\"ListItem\",\"position\":2,\"name\":\"DATENSCHUTZ B2C\"}]},{\"@type\":\"WebSite\",\"@id\":\"https:\\\/\\\/wagner-glass.fashion\\\/#website\",\"url\":\"https:\\\/\\\/wagner-glass.fashion\\\/\",\"name\":\"Wagner & Glass\",\"description\":\"\",\"publisher\":{\"@id\":\"https:\\\/\\\/wagner-glass.fashion\\\/#organization\"},\"potentialAction\":[{\"@type\":\"SearchAction\",\"target\":{\"@type\":\"EntryPoint\",\"urlTemplate\":\"https:\\\/\\\/wagner-glass.fashion\\\/?s={search_term_string}\"},\"query-input\":{\"@type\":\"PropertyValueSpecification\",\"valueRequired\":true,\"valueName\":\"search_term_string\"}}],\"inLanguage\":\"en-US\"},{\"@type\":\"Organization\",\"@id\":\"https:\\\/\\\/wagner-glass.fashion\\\/#organization\",\"name\":\"Wagner & Glass\",\"url\":\"https:\\\/\\\/wagner-glass.fashion\\\/\",\"logo\":{\"@type\":\"ImageObject\",\"inLanguage\":\"en-US\",\"@id\":\"https:\\\/\\\/wagner-glass.fashion\\\/#\\\/schema\\\/logo\\\/image\\\/\",\"url\":\"https:\\\/\\\/wagner-glass.fashion\\\/wp-content\\\/uploads\\\/2021\\\/09\\\/cropped-WAGL-LOGO-Outline.png\",\"contentUrl\":\"https:\\\/\\\/wagner-glass.fashion\\\/wp-content\\\/uploads\\\/2021\\\/09\\\/cropped-WAGL-LOGO-Outline.png\",\"width\":512,\"height\":512,\"caption\":\"Wagner & Glass\"},\"image\":{\"@id\":\"https:\\\/\\\/wagner-glass.fashion\\\/#\\\/schema\\\/logo\\\/image\\\/\"},\"sameAs\":[\"https:\\\/\\\/www.instagram.com\\\/wagnerundglass\\\/\"]}]}<\/script>\n<!-- \/ Yoast SEO plugin. -->","yoast_head_json":{"title":"DATENSCHUTZ B2C - Wagner &amp; Glass","robots":{"index":"index","follow":"follow","max-snippet":"max-snippet:-1","max-image-preview":"max-image-preview:large","max-video-preview":"max-video-preview:-1"},"canonical":"https:\/\/wagner-glass.fashion\/en\/datenschutz\/","og_locale":"en_US","og_type":"article","og_title":"DATENSCHUTZ B2C - Wagner &amp; Glass","og_description":"Datenschutz Die Victor Wagner &amp; Glass GmbH nimmt den Schutz Ihrer pers\u00f6nlichen Daten sehr ernst und h\u00e4lt sich strikt an die Regeln der Datenschutzgesetze. Personenbezogene Daten werden auf dieser Webseite nur im technisch notwendigen Umfang erhoben. In keinem Fall werden die erhobenen Daten verkauft oder aus anderen Gr\u00fcnden an Dritte weitergegeben. Wir behandeln Ihre personenbezogenen [&hellip;]","og_url":"https:\/\/wagner-glass.fashion\/en\/datenschutz\/","og_site_name":"Wagner &amp; Glass","article_modified_time":"2022-03-01T18:02:40+00:00","twitter_card":"summary_large_image","twitter_misc":{"Est. reading time":"6 minutes"},"schema":{"@context":"https:\/\/schema.org","@graph":[{"@type":"WebPage","@id":"https:\/\/wagner-glass.fashion\/datenschutz\/","url":"https:\/\/wagner-glass.fashion\/datenschutz\/","name":"DATENSCHUTZ B2C - Wagner &amp; Glass","isPartOf":{"@id":"https:\/\/wagner-glass.fashion\/#website"},"datePublished":"2021-05-20T11:34:30+00:00","dateModified":"2022-03-01T18:02:40+00:00","breadcrumb":{"@id":"https:\/\/wagner-glass.fashion\/datenschutz\/#breadcrumb"},"inLanguage":"en-US","potentialAction":[{"@type":"ReadAction","target":["https:\/\/wagner-glass.fashion\/datenschutz\/"]}]},{"@type":"BreadcrumbList","@id":"https:\/\/wagner-glass.fashion\/datenschutz\/#breadcrumb","itemListElement":[{"@type":"ListItem","position":1,"name":"Home","item":"https:\/\/wagner-glass.fashion\/"},{"@type":"ListItem","position":2,"name":"DATENSCHUTZ B2C"}]},{"@type":"WebSite","@id":"https:\/\/wagner-glass.fashion\/#website","url":"https:\/\/wagner-glass.fashion\/","name":"Wagner & Glass","description":"","publisher":{"@id":"https:\/\/wagner-glass.fashion\/#organization"},"potentialAction":[{"@type":"SearchAction","target":{"@type":"EntryPoint","urlTemplate":"https:\/\/wagner-glass.fashion\/?s={search_term_string}"},"query-input":{"@type":"PropertyValueSpecification","valueRequired":true,"valueName":"search_term_string"}}],"inLanguage":"en-US"},{"@type":"Organization","@id":"https:\/\/wagner-glass.fashion\/#organization","name":"Wagner & Glass","url":"https:\/\/wagner-glass.fashion\/","logo":{"@type":"ImageObject","inLanguage":"en-US","@id":"https:\/\/wagner-glass.fashion\/#\/schema\/logo\/image\/","url":"https:\/\/wagner-glass.fashion\/wp-content\/uploads\/2021\/09\/cropped-WAGL-LOGO-Outline.png","contentUrl":"https:\/\/wagner-glass.fashion\/wp-content\/uploads\/2021\/09\/cropped-WAGL-LOGO-Outline.png","width":512,"height":512,"caption":"Wagner & Glass"},"image":{"@id":"https:\/\/wagner-glass.fashion\/#\/schema\/logo\/image\/"},"sameAs":["https:\/\/www.instagram.com\/wagnerundglass\/"]}]}},"_links":{"self":[{"href":"https:\/\/wagner-glass.fashion\/en\/wp-json\/wp\/v2\/pages\/335","targetHints":{"allow":["GET"]}}],"collection":[{"href":"https:\/\/wagner-glass.fashion\/en\/wp-json\/wp\/v2\/pages"}],"about":[{"href":"https:\/\/wagner-glass.fashion\/en\/wp-json\/wp\/v2\/types\/page"}],"author":[{"embeddable":true,"href":"https:\/\/wagner-glass.fashion\/en\/wp-json\/wp\/v2\/users\/2"}],"replies":[{"embeddable":true,"href":"https:\/\/wagner-glass.fashion\/en\/wp-json\/wp\/v2\/comments?post=335"}],"version-history":[{"count":14,"href":"https:\/\/wagner-glass.fashion\/en\/wp-json\/wp\/v2\/pages\/335\/revisions"}],"predecessor-version":[{"id":1953,"href":"https:\/\/wagner-glass.fashion\/en\/wp-json\/wp\/v2\/pages\/335\/revisions\/1953"}],"wp:attachment":[{"href":"https:\/\/wagner-glass.fashion\/en\/wp-json\/wp\/v2\/media?parent=335"}],"curies":[{"name":"wp","href":"https:\/\/api.w.org\/{rel}","templated":true}]}}