{"id":1811,"date":"2022-01-24T18:36:15","date_gmt":"2022-01-24T17:36:15","guid":{"rendered":"https:\/\/wagner-glass.fashion\/?page_id=1811"},"modified":"2022-01-24T18:36:54","modified_gmt":"2022-01-24T17:36:54","slug":"impressum-2","status":"publish","type":"page","link":"https:\/\/wagner-glass.fashion\/en\/impressum-2\/","title":{"rendered":"Impressum B2C"},"content":{"rendered":"<p><strong>Victor Wagner &amp; Glass GmbH<\/strong><br><br>Thaliastra\u00dfe 74<br>1160 Vienna<br><strong>T<\/strong> +43 1 480 81 11<br><strong>Email<\/strong> <a href=\"mailto:office@wagner-glass.com\">office@wagner-glass.com<\/a><\/p>\n\n\n\n<p><br><strong>Responsible for content and design<\/strong><br> pursuant to Section 5 para.&nbsp;<a href=\"http:\/\/de.wikipedia.org\/w\/index.php?title=E-Commerce-Gesetz&amp;action=edit&amp;redlink=1\">1 e-commerce act<\/a>&nbsp;(ECG):&nbsp;<\/p>\n\n\n\n<p>Michel Wagner, managing director&nbsp;<br>Commercial court Vienna \u2013 company register FN 124875 s <br><br>Place of jurisdiction: Vienna<br>VAT number: ATU37676804<br>Business purpose: Commercial enterprise<br>Trade or professional regulations: Austrian trade regulations<\/p>\n\n\n\n<p><strong>Design, conception and creation:<\/strong>&nbsp;<br>HAGEN GESTALTUNGHAGEN GESTALTUNG BBI<br>Julian C. Hagen&nbsp;<br>Franzensgasse 21\/7&nbsp;<br>1050 Wien | Austria&nbsp;<br><a href=\"http:\/\/hagen-gestaltung.net\" target=\"_blank\" rel=\"noreferrer noopener\"><strong>www.hagen-gestaltung.net<\/strong><\/a><br><br><br><strong>1.<\/strong>&nbsp;<strong>External Links<\/strong>&nbsp;<br>All links to external sites were carefully checked by us when the site was created. Possible legal violations were not recognizable at the time of linking. However, we have no influence on the content of linked pages; the respective service provider is responsible for this. If illegal pages can be called up via the hyperlinks, please let us know<strong> <a href=\"mailto:office@wagner-glass.com\" target=\"_blank\" rel=\"noreferrer noopener\">office@wagner-glass.com<\/a><\/strong>We will then check this and remove the links if necessary.&nbsp;<br><br><strong>2. Content of the online offer<\/strong><br>The site operator assumes no liability for the topicality, correctness, completeness or quality of the information provided. Liability claims against the site operator, which relate to material or immaterial damage caused by the use or non-use of the information provided or by the use of incorrect and incomplete information, are fundamentally excluded, provided that there is no demonstrable intentional or gross negligence on the part of the person responsible negligent fault exists.<br><br><\/p>\n\n\n\n<p><strong>3. Copyright and Trademark<\/strong><br>The site operator endeavors to observe the copyrights of the graphics, sound documents, video sequences and texts used in all publications, to use graphics, sound documents, video sequences and texts created by himself or to use license-free graphics, sound documents, video sequences and texts.<br><br>All brands and trademarks mentioned within the website and possibly protected by third parties are subject without restriction to the provisions of the applicable trademark law and the property rights of the respective registered owner. The conclusion that trademarks are not protected by the rights of third parties should not be drawn solely on the basis of the mere mention!<br><br>The copyright for published objects created by the site operator himself remains solely with the site operator. Reproduction or use of such graphics, sound documents, video sequences and texts in other electronic or printed publications is not permitted without the express consent of the site operator.<\/p>\n\n\n\n<p><strong>4. Data Protection<\/strong><br>Victor Wagner &amp; Glass GmbH takes the protection of your personal data very seriously and strictly adheres to the rules of data protection laws. Personal data is only collected on this website to the extent technically necessary. Under no circumstances will the collected data be sold or passed on to third parties for other reasons.<br><br><strong>5. Data protection declaration for the use of Google Analytics<br><\/strong>Diese Website benutzt Google Analytics, einen Webanalysedienst der Google Inc. (&#8222;Google&#8220;). Google Analytics verwendet sog. &#8222;Cookies&#8220;, Textdateien, die auf Ihrem Computer gespeichert werden und die eine Analyse der Benutzung der Website durch Sie erm\u00f6glichen. Die durch den Cookie erzeugten Informationen \u00fcber Ihre Benutzung dieser Website werden in der Regel an einen Server von Google in den USA \u00fcbertragen und dort gespeichert. Im Falle der Aktivierung der IP-Anonymisierung auf dieser Webseite wird Ihre IP-Adresse von Google jedoch innerhalb von Mitgliedstaaten der Europ\u00e4ischen Union oder in anderen Vertragsstaaten des Abkommens \u00fcber den Europ\u00e4ischen Wirtschaftsraum zuvor gek\u00fcrzt. Nur in Ausnahmef\u00e4llen wird die volle IP-Adresse an einen Server von Google in den USA \u00fcbertragen und dort gek\u00fcrzt.&nbsp;<br>Im Auftrag des Betreibers dieser Website wird Google diese Informationen benutzen, um Ihre Nutzung der Website auszuwerten, um Reports \u00fcber die Websiteaktivit\u00e4ten zusammenzustellen und um weitere mit der Websitenutzung und der Internetnutzung verbundene Dienstleistungen gegen\u00fcber dem Websitebetreiber zu erbringen. Die im Rahmen von Google Analytics von Ihrem Browser \u00fcbermittelte IP-Adresse wird nicht mit anderen Daten von Google zusammengef\u00fchrt.&nbsp;<br>Sie k\u00f6nnen die Speicherung der Cookies durch eine entsprechende Einstellung Ihrer Browser-Software verhindern; wir weisen Sie jedoch darauf hin, dass Sie in diesem Fall gegebenenfalls nicht s\u00e4mtliche Funktionen dieser Website vollumf\u00e4nglich werden nutzen k\u00f6nnen. Sie k\u00f6nnen dar\u00fcber hinaus die Erfassung der durch das Cookie erzeugten und auf Ihre Nutzung der Website bezogenen Daten (inkl. Ihrer IP-Adresse) an Google sowie die Verarbeitung dieser Daten durch Google verhindern, indem sie das unter dem folgenden Link verf\u00fcgbare Browser-Plugin herunterladen und installieren:&nbsp;<a href=\"http:\/\/tools.google.com\/dlpage\/gaoptout?hl=de\" target=\"_blank\" rel=\"noreferrer noopener\">tools.google.com\/dlpage\/gaoptout<\/a><\/p>\n\n\n\n<p><strong>6. Data protection declaration for the use of facebook<br><\/strong>This website contains programs (plugins) from the social network Facebook. These are operated exclusively by Facebook Inc. The plug-ins can be recognized on our website by the Facebook logo or the addition \u201cI like\u201d. When you visit a website on our website that contains such a plugin, your browser establishes a direct connection to the Facebook servers, which transmits the content of the plugin to your browser and integrates it into the website displayed. As a result, the information that you have visited our website is forwarded to Facebook. If you are logged into your personal Facebook user account while visiting our website, Facebook can assign the website visit to this account. By interacting with plugins, e.g. by clicking the \"Like\" button or leaving a comment, this information is transmitted directly to Facebook and stored there. If you want to prevent such data transmission, you must log out of your Facebook account before visiting our website. The purpose and scope of the data collection by Facebook and the further processing and use of your data there as well as your rights and settings for the protection of your privacy can be found in Facebook's data protection information<\/p>","protected":false},"excerpt":{"rendered":"<p>Victor Wagner &amp; Glass GmbH Thaliastra\u00dfe 741160 WienT +43 1 480 81 11Email office@wagner-glass.com Inhaltlich und gestalterisch Verantwortlicher gem\u00e4\u00df \u00a7 5 Abs. 1&nbsp;E-Commerce-Gesetz&nbsp;(ECG):&nbsp; Michel Wagner, Gesch\u00e4ftsf\u00fchrer&nbsp;Handelsgericht Wien \u2013 Firmenbuch FN 124875 sGerichtsstand WienUID Nummer: ATU37676804Unternehmensgegenstand: HandelsgewerbeGewerbe- oder berufsrechtliche Vorschriften: \u00d6sterreichische Gewerbeordnung Design, Konzeption und Gestaltung:&nbsp;HAGEN GESTALTUNGHAGEN GESTALTUNG BBIJulian C. Hagen&nbsp;Franzensgasse 21\/7&nbsp;1050 Wien | Austria&nbsp;www.hagen-gestaltung.net 1.&nbsp;Externe [&hellip;]<\/p>\n","protected":false},"author":2,"featured_media":0,"parent":0,"menu_order":0,"comment_status":"closed","ping_status":"closed","template":"","meta":{"footnotes":""},"class_list":["post-1811","page","type-page","status-publish","hentry"],"yoast_head":"<!-- This site is optimized with the Yoast SEO plugin v27.3 - https:\/\/yoast.com\/product\/yoast-seo-wordpress\/ -->\n<title>Impressum B2C - Wagner &amp; Glass<\/title>\n<meta name=\"robots\" content=\"index, follow, max-snippet:-1, max-image-preview:large, max-video-preview:-1\" \/>\n<link rel=\"canonical\" href=\"https:\/\/wagner-glass.fashion\/en\/impressum-2\/\" \/>\n<meta property=\"og:locale\" content=\"en_US\" \/>\n<meta property=\"og:type\" content=\"article\" \/>\n<meta property=\"og:title\" content=\"Impressum B2C - Wagner &amp; Glass\" \/>\n<meta property=\"og:description\" content=\"Victor Wagner &amp; Glass GmbH Thaliastra\u00dfe 741160 WienT +43 1 480 81 11Email office@wagner-glass.com Inhaltlich und gestalterisch Verantwortlicher gem\u00e4\u00df \u00a7 5 Abs. 1&nbsp;E-Commerce-Gesetz&nbsp;(ECG):&nbsp; Michel Wagner, Gesch\u00e4ftsf\u00fchrer&nbsp;Handelsgericht Wien \u2013 Firmenbuch FN 124875 sGerichtsstand WienUID Nummer: ATU37676804Unternehmensgegenstand: HandelsgewerbeGewerbe- oder berufsrechtliche Vorschriften: \u00d6sterreichische Gewerbeordnung Design, Konzeption und Gestaltung:&nbsp;HAGEN GESTALTUNGHAGEN GESTALTUNG BBIJulian C. Hagen&nbsp;Franzensgasse 21\/7&nbsp;1050 Wien | Austria&nbsp;www.hagen-gestaltung.net 1.&nbsp;Externe [&hellip;]\" \/>\n<meta property=\"og:url\" content=\"https:\/\/wagner-glass.fashion\/en\/impressum-2\/\" \/>\n<meta property=\"og:site_name\" content=\"Wagner &amp; Glass\" \/>\n<meta property=\"article:modified_time\" content=\"2022-01-24T17:36:54+00:00\" \/>\n<meta name=\"twitter:card\" content=\"summary_large_image\" \/>\n<meta name=\"twitter:label1\" content=\"Est. reading time\" \/>\n\t<meta name=\"twitter:data1\" content=\"5 minutes\" \/>\n<script type=\"application\/ld+json\" class=\"yoast-schema-graph\">{\"@context\":\"https:\\\/\\\/schema.org\",\"@graph\":[{\"@type\":\"WebPage\",\"@id\":\"https:\\\/\\\/wagner-glass.fashion\\\/impressum-2\\\/\",\"url\":\"https:\\\/\\\/wagner-glass.fashion\\\/impressum-2\\\/\",\"name\":\"Impressum B2C - Wagner &amp; Glass\",\"isPartOf\":{\"@id\":\"https:\\\/\\\/wagner-glass.fashion\\\/#website\"},\"datePublished\":\"2022-01-24T17:36:15+00:00\",\"dateModified\":\"2022-01-24T17:36:54+00:00\",\"breadcrumb\":{\"@id\":\"https:\\\/\\\/wagner-glass.fashion\\\/impressum-2\\\/#breadcrumb\"},\"inLanguage\":\"en-US\",\"potentialAction\":[{\"@type\":\"ReadAction\",\"target\":[\"https:\\\/\\\/wagner-glass.fashion\\\/impressum-2\\\/\"]}]},{\"@type\":\"BreadcrumbList\",\"@id\":\"https:\\\/\\\/wagner-glass.fashion\\\/impressum-2\\\/#breadcrumb\",\"itemListElement\":[{\"@type\":\"ListItem\",\"position\":1,\"name\":\"Home\",\"item\":\"https:\\\/\\\/wagner-glass.fashion\\\/\"},{\"@type\":\"ListItem\",\"position\":2,\"name\":\"Impressum B2C\"}]},{\"@type\":\"WebSite\",\"@id\":\"https:\\\/\\\/wagner-glass.fashion\\\/#website\",\"url\":\"https:\\\/\\\/wagner-glass.fashion\\\/\",\"name\":\"Wagner & Glass\",\"description\":\"\",\"publisher\":{\"@id\":\"https:\\\/\\\/wagner-glass.fashion\\\/#organization\"},\"potentialAction\":[{\"@type\":\"SearchAction\",\"target\":{\"@type\":\"EntryPoint\",\"urlTemplate\":\"https:\\\/\\\/wagner-glass.fashion\\\/?s={search_term_string}\"},\"query-input\":{\"@type\":\"PropertyValueSpecification\",\"valueRequired\":true,\"valueName\":\"search_term_string\"}}],\"inLanguage\":\"en-US\"},{\"@type\":\"Organization\",\"@id\":\"https:\\\/\\\/wagner-glass.fashion\\\/#organization\",\"name\":\"Wagner & Glass\",\"url\":\"https:\\\/\\\/wagner-glass.fashion\\\/\",\"logo\":{\"@type\":\"ImageObject\",\"inLanguage\":\"en-US\",\"@id\":\"https:\\\/\\\/wagner-glass.fashion\\\/#\\\/schema\\\/logo\\\/image\\\/\",\"url\":\"https:\\\/\\\/wagner-glass.fashion\\\/wp-content\\\/uploads\\\/2021\\\/09\\\/cropped-WAGL-LOGO-Outline.png\",\"contentUrl\":\"https:\\\/\\\/wagner-glass.fashion\\\/wp-content\\\/uploads\\\/2021\\\/09\\\/cropped-WAGL-LOGO-Outline.png\",\"width\":512,\"height\":512,\"caption\":\"Wagner & Glass\"},\"image\":{\"@id\":\"https:\\\/\\\/wagner-glass.fashion\\\/#\\\/schema\\\/logo\\\/image\\\/\"},\"sameAs\":[\"https:\\\/\\\/www.instagram.com\\\/wagnerundglass\\\/\"]}]}<\/script>\n<!-- \/ Yoast SEO plugin. -->","yoast_head_json":{"title":"Impressum B2C - Wagner &amp; Glass","robots":{"index":"index","follow":"follow","max-snippet":"max-snippet:-1","max-image-preview":"max-image-preview:large","max-video-preview":"max-video-preview:-1"},"canonical":"https:\/\/wagner-glass.fashion\/en\/impressum-2\/","og_locale":"en_US","og_type":"article","og_title":"Impressum B2C - Wagner &amp; Glass","og_description":"Victor Wagner &amp; Glass GmbH Thaliastra\u00dfe 741160 WienT +43 1 480 81 11Email office@wagner-glass.com Inhaltlich und gestalterisch Verantwortlicher gem\u00e4\u00df \u00a7 5 Abs. 1&nbsp;E-Commerce-Gesetz&nbsp;(ECG):&nbsp; Michel Wagner, Gesch\u00e4ftsf\u00fchrer&nbsp;Handelsgericht Wien \u2013 Firmenbuch FN 124875 sGerichtsstand WienUID Nummer: ATU37676804Unternehmensgegenstand: HandelsgewerbeGewerbe- oder berufsrechtliche Vorschriften: \u00d6sterreichische Gewerbeordnung Design, Konzeption und Gestaltung:&nbsp;HAGEN GESTALTUNGHAGEN GESTALTUNG BBIJulian C. Hagen&nbsp;Franzensgasse 21\/7&nbsp;1050 Wien | Austria&nbsp;www.hagen-gestaltung.net 1.&nbsp;Externe [&hellip;]","og_url":"https:\/\/wagner-glass.fashion\/en\/impressum-2\/","og_site_name":"Wagner &amp; Glass","article_modified_time":"2022-01-24T17:36:54+00:00","twitter_card":"summary_large_image","twitter_misc":{"Est. reading time":"5 minutes"},"schema":{"@context":"https:\/\/schema.org","@graph":[{"@type":"WebPage","@id":"https:\/\/wagner-glass.fashion\/impressum-2\/","url":"https:\/\/wagner-glass.fashion\/impressum-2\/","name":"Impressum B2C - Wagner &amp; Glass","isPartOf":{"@id":"https:\/\/wagner-glass.fashion\/#website"},"datePublished":"2022-01-24T17:36:15+00:00","dateModified":"2022-01-24T17:36:54+00:00","breadcrumb":{"@id":"https:\/\/wagner-glass.fashion\/impressum-2\/#breadcrumb"},"inLanguage":"en-US","potentialAction":[{"@type":"ReadAction","target":["https:\/\/wagner-glass.fashion\/impressum-2\/"]}]},{"@type":"BreadcrumbList","@id":"https:\/\/wagner-glass.fashion\/impressum-2\/#breadcrumb","itemListElement":[{"@type":"ListItem","position":1,"name":"Home","item":"https:\/\/wagner-glass.fashion\/"},{"@type":"ListItem","position":2,"name":"Impressum B2C"}]},{"@type":"WebSite","@id":"https:\/\/wagner-glass.fashion\/#website","url":"https:\/\/wagner-glass.fashion\/","name":"Wagner & Glass","description":"","publisher":{"@id":"https:\/\/wagner-glass.fashion\/#organization"},"potentialAction":[{"@type":"SearchAction","target":{"@type":"EntryPoint","urlTemplate":"https:\/\/wagner-glass.fashion\/?s={search_term_string}"},"query-input":{"@type":"PropertyValueSpecification","valueRequired":true,"valueName":"search_term_string"}}],"inLanguage":"en-US"},{"@type":"Organization","@id":"https:\/\/wagner-glass.fashion\/#organization","name":"Wagner & Glass","url":"https:\/\/wagner-glass.fashion\/","logo":{"@type":"ImageObject","inLanguage":"en-US","@id":"https:\/\/wagner-glass.fashion\/#\/schema\/logo\/image\/","url":"https:\/\/wagner-glass.fashion\/wp-content\/uploads\/2021\/09\/cropped-WAGL-LOGO-Outline.png","contentUrl":"https:\/\/wagner-glass.fashion\/wp-content\/uploads\/2021\/09\/cropped-WAGL-LOGO-Outline.png","width":512,"height":512,"caption":"Wagner & Glass"},"image":{"@id":"https:\/\/wagner-glass.fashion\/#\/schema\/logo\/image\/"},"sameAs":["https:\/\/www.instagram.com\/wagnerundglass\/"]}]}},"_links":{"self":[{"href":"https:\/\/wagner-glass.fashion\/en\/wp-json\/wp\/v2\/pages\/1811","targetHints":{"allow":["GET"]}}],"collection":[{"href":"https:\/\/wagner-glass.fashion\/en\/wp-json\/wp\/v2\/pages"}],"about":[{"href":"https:\/\/wagner-glass.fashion\/en\/wp-json\/wp\/v2\/types\/page"}],"author":[{"embeddable":true,"href":"https:\/\/wagner-glass.fashion\/en\/wp-json\/wp\/v2\/users\/2"}],"replies":[{"embeddable":true,"href":"https:\/\/wagner-glass.fashion\/en\/wp-json\/wp\/v2\/comments?post=1811"}],"version-history":[{"count":2,"href":"https:\/\/wagner-glass.fashion\/en\/wp-json\/wp\/v2\/pages\/1811\/revisions"}],"predecessor-version":[{"id":1813,"href":"https:\/\/wagner-glass.fashion\/en\/wp-json\/wp\/v2\/pages\/1811\/revisions\/1813"}],"wp:attachment":[{"href":"https:\/\/wagner-glass.fashion\/en\/wp-json\/wp\/v2\/media?parent=1811"}],"curies":[{"name":"wp","href":"https:\/\/api.w.org\/{rel}","templated":true}]}}