{"id":168,"date":"2021-04-23T18:26:32","date_gmt":"2021-04-23T16:26:32","guid":{"rendered":"https:\/\/wagner-glass.fashion\/?page_id=168"},"modified":"2026-03-23T12:06:26","modified_gmt":"2026-03-23T11:06:26","slug":"aktionen","status":"publish","type":"page","link":"https:\/\/wagner-glass.fashion\/en\/boutique\/aktionen\/","title":{"rendered":"Promotion"},"content":{"rendered":"<h1 class=\"wp-block-heading has-text-align-center has-larger-font-size\">S P R I N G <strong>2 0 2 6<\/strong><\/h1>\n\n\n\n<div style=\"height:11px\" aria-hidden=\"true\" class=\"wp-block-spacer\"><\/div>\n\n\n<div class=\"wp-block-image\">\n<figure class=\"aligncenter size-full\"><img loading=\"lazy\" decoding=\"async\" width=\"613\" height=\"333\" src=\"https:\/\/wagner-glass.fashion\/wp-content\/uploads\/2026\/03\/CASAMODA_spring-4.jpg\" alt=\"\" class=\"wp-image-2978\" srcset=\"https:\/\/wagner-glass.fashion\/wp-content\/uploads\/2026\/03\/CASAMODA_spring-4.jpg 613w, https:\/\/wagner-glass.fashion\/wp-content\/uploads\/2026\/03\/CASAMODA_spring-4-300x163.jpg 300w, https:\/\/wagner-glass.fashion\/wp-content\/uploads\/2026\/03\/CASAMODA_spring-4-18x10.jpg 18w, https:\/\/wagner-glass.fashion\/wp-content\/uploads\/2026\/03\/CASAMODA_spring-4-600x326.jpg 600w\" sizes=\"auto, (max-width: 613px) 100vw, 613px\" \/><\/figure>\n<\/div>\n\n\n<div style=\"height:70px\" aria-hidden=\"true\" class=\"wp-block-spacer\"><\/div>\n\n\n\n<div class=\"wp-block-columns is-layout-flex wp-container-core-columns-is-layout-9d6595d7 wp-block-columns-is-layout-flex\">\n<div class=\"wp-block-column is-layout-flow wp-block-column-is-layout-flow\">\n<figure class=\"wp-block-image size-full is-style-default\"><img loading=\"lazy\" decoding=\"async\" width=\"794\" height=\"984\" src=\"https:\/\/wagner-glass.fashion\/wp-content\/uploads\/2026\/03\/CASAMODA_spring-7.jpg\" alt=\"\" class=\"wp-image-2989\" srcset=\"https:\/\/wagner-glass.fashion\/wp-content\/uploads\/2026\/03\/CASAMODA_spring-7.jpg 794w, https:\/\/wagner-glass.fashion\/wp-content\/uploads\/2026\/03\/CASAMODA_spring-7-242x300.jpg 242w, https:\/\/wagner-glass.fashion\/wp-content\/uploads\/2026\/03\/CASAMODA_spring-7-768x952.jpg 768w, https:\/\/wagner-glass.fashion\/wp-content\/uploads\/2026\/03\/CASAMODA_spring-7-10x12.jpg 10w, https:\/\/wagner-glass.fashion\/wp-content\/uploads\/2026\/03\/CASAMODA_spring-7-600x744.jpg 600w\" sizes=\"auto, (max-width: 794px) 100vw, 794px\" \/><\/figure>\n<\/div>\n\n\n\n<div class=\"wp-block-column is-layout-flow wp-block-column-is-layout-flow\">\n<figure class=\"wp-block-image size-full is-style-default\"><img loading=\"lazy\" decoding=\"async\" width=\"900\" height=\"1350\" src=\"https:\/\/wagner-glass.fashion\/wp-content\/uploads\/2026\/03\/CASAMODA_spring_summer_2026_original_CM_FS26_20-01_P10_454478900-008_004200-000_126520100-348_1393-2-1.jpg\" alt=\"\" class=\"wp-image-2981\" srcset=\"https:\/\/wagner-glass.fashion\/wp-content\/uploads\/2026\/03\/CASAMODA_spring_summer_2026_original_CM_FS26_20-01_P10_454478900-008_004200-000_126520100-348_1393-2-1.jpg 900w, https:\/\/wagner-glass.fashion\/wp-content\/uploads\/2026\/03\/CASAMODA_spring_summer_2026_original_CM_FS26_20-01_P10_454478900-008_004200-000_126520100-348_1393-2-1-200x300.jpg 200w, https:\/\/wagner-glass.fashion\/wp-content\/uploads\/2026\/03\/CASAMODA_spring_summer_2026_original_CM_FS26_20-01_P10_454478900-008_004200-000_126520100-348_1393-2-1-683x1024.jpg 683w, https:\/\/wagner-glass.fashion\/wp-content\/uploads\/2026\/03\/CASAMODA_spring_summer_2026_original_CM_FS26_20-01_P10_454478900-008_004200-000_126520100-348_1393-2-1-768x1152.jpg 768w, https:\/\/wagner-glass.fashion\/wp-content\/uploads\/2026\/03\/CASAMODA_spring_summer_2026_original_CM_FS26_20-01_P10_454478900-008_004200-000_126520100-348_1393-2-1-8x12.jpg 8w, https:\/\/wagner-glass.fashion\/wp-content\/uploads\/2026\/03\/CASAMODA_spring_summer_2026_original_CM_FS26_20-01_P10_454478900-008_004200-000_126520100-348_1393-2-1-600x900.jpg 600w\" sizes=\"auto, (max-width: 900px) 100vw, 900px\" \/><\/figure>\n\n\n\n<p><\/p>\n<\/div>\n<\/div>\n\n\n\n<div style=\"height:70px\" aria-hidden=\"true\" class=\"wp-block-spacer\"><\/div>\n\n\n\n<div class=\"wp-block-columns is-layout-flex wp-container-core-columns-is-layout-9d6595d7 wp-block-columns-is-layout-flex\">\n<div class=\"wp-block-column is-layout-flow wp-block-column-is-layout-flow\">\n<figure class=\"wp-block-image size-full\"><img loading=\"lazy\" decoding=\"async\" width=\"794\" height=\"984\" src=\"https:\/\/wagner-glass.fashion\/wp-content\/uploads\/2026\/03\/CASAMODA_spring-3.jpg\" alt=\"\" class=\"wp-image-2986\" style=\"object-fit:cover\" srcset=\"https:\/\/wagner-glass.fashion\/wp-content\/uploads\/2026\/03\/CASAMODA_spring-3.jpg 794w, https:\/\/wagner-glass.fashion\/wp-content\/uploads\/2026\/03\/CASAMODA_spring-3-242x300.jpg 242w, https:\/\/wagner-glass.fashion\/wp-content\/uploads\/2026\/03\/CASAMODA_spring-3-768x952.jpg 768w, https:\/\/wagner-glass.fashion\/wp-content\/uploads\/2026\/03\/CASAMODA_spring-3-10x12.jpg 10w, https:\/\/wagner-glass.fashion\/wp-content\/uploads\/2026\/03\/CASAMODA_spring-3-600x744.jpg 600w\" sizes=\"auto, (max-width: 794px) 100vw, 794px\" \/><\/figure>\n<\/div>\n\n\n\n<div class=\"wp-block-column is-layout-flow wp-block-column-is-layout-flow\">\n<figure class=\"wp-block-image size-full\"><img loading=\"lazy\" decoding=\"async\" width=\"312\" height=\"426\" src=\"https:\/\/wagner-glass.fashion\/wp-content\/uploads\/2026\/03\/CASAMODA_spring-6.jpg\" alt=\"\" class=\"wp-image-2988\" style=\"aspect-ratio:0.8325242718446602;object-fit:contain\" srcset=\"https:\/\/wagner-glass.fashion\/wp-content\/uploads\/2026\/03\/CASAMODA_spring-6.jpg 312w, https:\/\/wagner-glass.fashion\/wp-content\/uploads\/2026\/03\/CASAMODA_spring-6-220x300.jpg 220w, https:\/\/wagner-glass.fashion\/wp-content\/uploads\/2026\/03\/CASAMODA_spring-6-9x12.jpg 9w\" sizes=\"auto, (max-width: 312px) 100vw, 312px\" \/><\/figure>\n<\/div>\n\n\n\n<div class=\"wp-block-column is-layout-flow wp-block-column-is-layout-flow\">\n<figure class=\"wp-block-image size-full\"><img loading=\"lazy\" decoding=\"async\" width=\"900\" height=\"674\" src=\"https:\/\/wagner-glass.fashion\/wp-content\/uploads\/2026\/03\/CASAMODA_spring_summer_2026_original_CM_FS26_25-11_S5_126520100-617_126520100-336_126520100-105_32508-2.jpg\" alt=\"\" class=\"wp-image-2983\" style=\"object-fit:cover\" srcset=\"https:\/\/wagner-glass.fashion\/wp-content\/uploads\/2026\/03\/CASAMODA_spring_summer_2026_original_CM_FS26_25-11_S5_126520100-617_126520100-336_126520100-105_32508-2.jpg 900w, https:\/\/wagner-glass.fashion\/wp-content\/uploads\/2026\/03\/CASAMODA_spring_summer_2026_original_CM_FS26_25-11_S5_126520100-617_126520100-336_126520100-105_32508-2-300x225.jpg 300w, https:\/\/wagner-glass.fashion\/wp-content\/uploads\/2026\/03\/CASAMODA_spring_summer_2026_original_CM_FS26_25-11_S5_126520100-617_126520100-336_126520100-105_32508-2-768x575.jpg 768w, https:\/\/wagner-glass.fashion\/wp-content\/uploads\/2026\/03\/CASAMODA_spring_summer_2026_original_CM_FS26_25-11_S5_126520100-617_126520100-336_126520100-105_32508-2-16x12.jpg 16w, https:\/\/wagner-glass.fashion\/wp-content\/uploads\/2026\/03\/CASAMODA_spring_summer_2026_original_CM_FS26_25-11_S5_126520100-617_126520100-336_126520100-105_32508-2-600x449.jpg 600w\" sizes=\"auto, (max-width: 900px) 100vw, 900px\" \/><\/figure>\n<\/div>\n<\/div>\n\n\n\n<div style=\"height:30px\" aria-hidden=\"true\" class=\"wp-block-spacer\"><\/div>\n\n\n\n<div style=\"height:50px\" aria-hidden=\"true\" class=\"wp-block-spacer\"><\/div>\n\n\n\n<div class=\"wp-block-columns is-layout-flex wp-container-core-columns-is-layout-9d6595d7 wp-block-columns-is-layout-flex\">\n<div class=\"wp-block-column is-layout-flow wp-block-column-is-layout-flow\">\n<figure class=\"wp-block-image size-full is-style-default\"><img loading=\"lazy\" decoding=\"async\" width=\"900\" height=\"1350\" src=\"https:\/\/wagner-glass.fashion\/wp-content\/uploads\/2026\/03\/CASAMODA_spring_summer_2026_original_CM_FS26_20-01_P9_126410010-P9-332_126520010-161_0144-2.jpg\" alt=\"\" class=\"wp-image-2980\" srcset=\"https:\/\/wagner-glass.fashion\/wp-content\/uploads\/2026\/03\/CASAMODA_spring_summer_2026_original_CM_FS26_20-01_P9_126410010-P9-332_126520010-161_0144-2.jpg 900w, https:\/\/wagner-glass.fashion\/wp-content\/uploads\/2026\/03\/CASAMODA_spring_summer_2026_original_CM_FS26_20-01_P9_126410010-P9-332_126520010-161_0144-2-200x300.jpg 200w, https:\/\/wagner-glass.fashion\/wp-content\/uploads\/2026\/03\/CASAMODA_spring_summer_2026_original_CM_FS26_20-01_P9_126410010-P9-332_126520010-161_0144-2-683x1024.jpg 683w, https:\/\/wagner-glass.fashion\/wp-content\/uploads\/2026\/03\/CASAMODA_spring_summer_2026_original_CM_FS26_20-01_P9_126410010-P9-332_126520010-161_0144-2-768x1152.jpg 768w, https:\/\/wagner-glass.fashion\/wp-content\/uploads\/2026\/03\/CASAMODA_spring_summer_2026_original_CM_FS26_20-01_P9_126410010-P9-332_126520010-161_0144-2-8x12.jpg 8w, https:\/\/wagner-glass.fashion\/wp-content\/uploads\/2026\/03\/CASAMODA_spring_summer_2026_original_CM_FS26_20-01_P9_126410010-P9-332_126520010-161_0144-2-600x900.jpg 600w\" sizes=\"auto, (max-width: 900px) 100vw, 900px\" \/><\/figure>\n<\/div>\n\n\n\n<div class=\"wp-block-column is-layout-flow wp-block-column-is-layout-flow\">\n<figure class=\"wp-block-image size-full is-style-default\"><img loading=\"lazy\" decoding=\"async\" width=\"900\" height=\"1287\" src=\"https:\/\/wagner-glass.fashion\/wp-content\/uploads\/2026\/03\/CASAMODA_spring_summer_2026_original_CM_FS26_25-11_S4_126520010-147_126520010-161_126520010-760_126520000-108_32817-2.jpg\" alt=\"\" class=\"wp-image-2982\" srcset=\"https:\/\/wagner-glass.fashion\/wp-content\/uploads\/2026\/03\/CASAMODA_spring_summer_2026_original_CM_FS26_25-11_S4_126520010-147_126520010-161_126520010-760_126520000-108_32817-2.jpg 900w, https:\/\/wagner-glass.fashion\/wp-content\/uploads\/2026\/03\/CASAMODA_spring_summer_2026_original_CM_FS26_25-11_S4_126520010-147_126520010-161_126520010-760_126520000-108_32817-2-210x300.jpg 210w, https:\/\/wagner-glass.fashion\/wp-content\/uploads\/2026\/03\/CASAMODA_spring_summer_2026_original_CM_FS26_25-11_S4_126520010-147_126520010-161_126520010-760_126520000-108_32817-2-716x1024.jpg 716w, https:\/\/wagner-glass.fashion\/wp-content\/uploads\/2026\/03\/CASAMODA_spring_summer_2026_original_CM_FS26_25-11_S4_126520010-147_126520010-161_126520010-760_126520000-108_32817-2-768x1098.jpg 768w, https:\/\/wagner-glass.fashion\/wp-content\/uploads\/2026\/03\/CASAMODA_spring_summer_2026_original_CM_FS26_25-11_S4_126520010-147_126520010-161_126520010-760_126520000-108_32817-2-8x12.jpg 8w, https:\/\/wagner-glass.fashion\/wp-content\/uploads\/2026\/03\/CASAMODA_spring_summer_2026_original_CM_FS26_25-11_S4_126520010-147_126520010-161_126520010-760_126520000-108_32817-2-600x858.jpg 600w\" sizes=\"auto, (max-width: 900px) 100vw, 900px\" \/><\/figure>\n\n\n\n<p><\/p>\n<\/div>\n<\/div>\n\n\n\n<div style=\"height:60px\" aria-hidden=\"true\" class=\"wp-block-spacer\"><\/div>\n\n\n\n<hr class=\"wp-block-separator has-alpha-channel-opacity\"\/>\n\n\n\n<div style=\"height:21px\" aria-hidden=\"true\" class=\"wp-block-spacer\"><\/div>\n\n\n\n<div class=\"wp-block-columns is-layout-flex wp-container-core-columns-is-layout-9d6595d7 wp-block-columns-is-layout-flex\">\n<div class=\"wp-block-column is-layout-flow wp-block-column-is-layout-flow\">\n<p class=\"has-text-align-left has-large-font-size\">NEWSLETTER<\/p>\n\n\n\n<p class=\"has-small-font-size\">Sign up to our Newsletter and keep informed about our promotions and news.<\/p>\n\n\n<script>(function() {\n\twindow.mc4wp = window.mc4wp || {\n\t\tlisteners: [],\n\t\tforms: {\n\t\t\ton: function(evt, cb) {\n\t\t\t\twindow.mc4wp.listeners.push(\n\t\t\t\t\t{\n\t\t\t\t\t\tevent   : evt,\n\t\t\t\t\t\tcallback: cb\n\t\t\t\t\t}\n\t\t\t\t);\n\t\t\t}\n\t\t}\n\t}\n})();\n<\/script><!-- Mailchimp for WordPress v4.12.1 - https:\/\/wordpress.org\/plugins\/mailchimp-for-wp\/ --><form id=\"mc4wp-form-1\" class=\"mc4wp-form mc4wp-form-191\" method=\"post\" data-id=\"191\" data-name=\"Newsletter Wagner und Glass\" action=\"\" ><div class=\"mc4wp-form-fields\"><p>\r\n\r\n\t\t<input type=\"email\" name=\"EMAIL\" placeholder=\"Your Email address\" required \/>\r\n<\/label>\r\n<\/p>\r\n\r\n<p>\r\n\t<input type=\"submit\" value=\"SUBSCRIBE\" \/>\r\n<\/p><\/div><label style=\"display: none !important;\">Leave this field empty if you're human: <input type=\"text\" name=\"_mc4wp_honeypot\" value=\"\" tabindex=\"-1\" autocomplete=\"off\" \/><\/label><input type=\"hidden\" name=\"_mc4wp_timestamp\" value=\"1776282247\" \/><input type=\"hidden\" name=\"_mc4wp_form_id\" value=\"191\" \/><input type=\"hidden\" name=\"_mc4wp_form_element_id\" value=\"mc4wp-form-1\" \/><div class=\"mc4wp-response\"><\/div><input type=\"hidden\" name=\"trp-form-language\" value=\"en\"\/><\/form><!-- \/ Mailchimp for WordPress Plugin -->\n<\/div>\n<\/div>","protected":false},"excerpt":{"rendered":"<p>F R \u00dc H L I N G 2 0 2 6 NEWSLETTER Melden Sie sich zu unserem Newsletter an und bleiben Sie st\u00e4ndig auf dem Laufenden \u00fcber unsere Aktionen und Neuheiten.<\/p>","protected":false},"author":2,"featured_media":0,"parent":314,"menu_order":0,"comment_status":"closed","ping_status":"closed","template":"","meta":{"footnotes":""},"class_list":["post-168","page","type-page","status-publish","hentry"],"yoast_head":"<!-- This site is optimized with the Yoast SEO plugin v27.3 - https:\/\/yoast.com\/product\/yoast-seo-wordpress\/ -->\n<title>Aktionen - Wagner &amp; Glass<\/title>\n<meta name=\"robots\" content=\"index, follow, max-snippet:-1, max-image-preview:large, max-video-preview:-1\" \/>\n<link rel=\"canonical\" href=\"https:\/\/wagner-glass.fashion\/en\/boutique\/aktionen\/\" \/>\n<meta property=\"og:locale\" content=\"en_US\" \/>\n<meta property=\"og:type\" content=\"article\" \/>\n<meta property=\"og:title\" content=\"Aktionen - Wagner &amp; Glass\" \/>\n<meta property=\"og:description\" content=\"F R \u00dc H L I N G 2 0 2 6 NEWSLETTER Melden Sie sich zu unserem Newsletter an und bleiben Sie st\u00e4ndig auf dem Laufenden \u00fcber unsere Aktionen und Neuheiten.\" \/>\n<meta property=\"og:url\" content=\"https:\/\/wagner-glass.fashion\/en\/boutique\/aktionen\/\" \/>\n<meta property=\"og:site_name\" content=\"Wagner &amp; Glass\" \/>\n<meta property=\"article:modified_time\" content=\"2026-03-23T11:06:26+00:00\" \/>\n<meta property=\"og:image\" content=\"https:\/\/wagner-glass.fashion\/wp-content\/uploads\/2026\/03\/CASAMODA_spring-4.jpg\" \/>\n\t<meta property=\"og:image:width\" content=\"613\" \/>\n\t<meta property=\"og:image:height\" content=\"333\" \/>\n\t<meta property=\"og:image:type\" content=\"image\/jpeg\" \/>\n<meta name=\"twitter:card\" content=\"summary_large_image\" \/>\n<meta name=\"twitter:label1\" content=\"Est. reading time\" \/>\n\t<meta name=\"twitter:data1\" content=\"2 minutes\" \/>\n<script type=\"application\/ld+json\" class=\"yoast-schema-graph\">{\"@context\":\"https:\\\/\\\/schema.org\",\"@graph\":[{\"@type\":\"WebPage\",\"@id\":\"https:\\\/\\\/wagner-glass.fashion\\\/boutique\\\/aktionen\\\/\",\"url\":\"https:\\\/\\\/wagner-glass.fashion\\\/boutique\\\/aktionen\\\/\",\"name\":\"Aktionen - Wagner &amp; Glass\",\"isPartOf\":{\"@id\":\"https:\\\/\\\/wagner-glass.fashion\\\/#website\"},\"primaryImageOfPage\":{\"@id\":\"https:\\\/\\\/wagner-glass.fashion\\\/boutique\\\/aktionen\\\/#primaryimage\"},\"image\":{\"@id\":\"https:\\\/\\\/wagner-glass.fashion\\\/boutique\\\/aktionen\\\/#primaryimage\"},\"thumbnailUrl\":\"https:\\\/\\\/wagner-glass.fashion\\\/wp-content\\\/uploads\\\/2026\\\/03\\\/CASAMODA_spring-4.jpg\",\"datePublished\":\"2021-04-23T16:26:32+00:00\",\"dateModified\":\"2026-03-23T11:06:26+00:00\",\"breadcrumb\":{\"@id\":\"https:\\\/\\\/wagner-glass.fashion\\\/boutique\\\/aktionen\\\/#breadcrumb\"},\"inLanguage\":\"en-US\",\"potentialAction\":[{\"@type\":\"ReadAction\",\"target\":[\"https:\\\/\\\/wagner-glass.fashion\\\/boutique\\\/aktionen\\\/\"]}]},{\"@type\":\"ImageObject\",\"inLanguage\":\"en-US\",\"@id\":\"https:\\\/\\\/wagner-glass.fashion\\\/boutique\\\/aktionen\\\/#primaryimage\",\"url\":\"https:\\\/\\\/wagner-glass.fashion\\\/wp-content\\\/uploads\\\/2026\\\/03\\\/CASAMODA_spring-4.jpg\",\"contentUrl\":\"https:\\\/\\\/wagner-glass.fashion\\\/wp-content\\\/uploads\\\/2026\\\/03\\\/CASAMODA_spring-4.jpg\"},{\"@type\":\"BreadcrumbList\",\"@id\":\"https:\\\/\\\/wagner-glass.fashion\\\/boutique\\\/aktionen\\\/#breadcrumb\",\"itemListElement\":[{\"@type\":\"ListItem\",\"position\":1,\"name\":\"Home\",\"item\":\"https:\\\/\\\/wagner-glass.fashion\\\/\"},{\"@type\":\"ListItem\",\"position\":2,\"name\":\"Einzelhandel\",\"item\":\"https:\\\/\\\/wagner-glass.fashion\\\/boutique\\\/\"},{\"@type\":\"ListItem\",\"position\":3,\"name\":\"Aktionen\"}]},{\"@type\":\"WebSite\",\"@id\":\"https:\\\/\\\/wagner-glass.fashion\\\/#website\",\"url\":\"https:\\\/\\\/wagner-glass.fashion\\\/\",\"name\":\"Wagner & Glass\",\"description\":\"\",\"publisher\":{\"@id\":\"https:\\\/\\\/wagner-glass.fashion\\\/#organization\"},\"potentialAction\":[{\"@type\":\"SearchAction\",\"target\":{\"@type\":\"EntryPoint\",\"urlTemplate\":\"https:\\\/\\\/wagner-glass.fashion\\\/?s={search_term_string}\"},\"query-input\":{\"@type\":\"PropertyValueSpecification\",\"valueRequired\":true,\"valueName\":\"search_term_string\"}}],\"inLanguage\":\"en-US\"},{\"@type\":\"Organization\",\"@id\":\"https:\\\/\\\/wagner-glass.fashion\\\/#organization\",\"name\":\"Wagner & Glass\",\"url\":\"https:\\\/\\\/wagner-glass.fashion\\\/\",\"logo\":{\"@type\":\"ImageObject\",\"inLanguage\":\"en-US\",\"@id\":\"https:\\\/\\\/wagner-glass.fashion\\\/#\\\/schema\\\/logo\\\/image\\\/\",\"url\":\"https:\\\/\\\/wagner-glass.fashion\\\/wp-content\\\/uploads\\\/2021\\\/09\\\/cropped-WAGL-LOGO-Outline.png\",\"contentUrl\":\"https:\\\/\\\/wagner-glass.fashion\\\/wp-content\\\/uploads\\\/2021\\\/09\\\/cropped-WAGL-LOGO-Outline.png\",\"width\":512,\"height\":512,\"caption\":\"Wagner & Glass\"},\"image\":{\"@id\":\"https:\\\/\\\/wagner-glass.fashion\\\/#\\\/schema\\\/logo\\\/image\\\/\"},\"sameAs\":[\"https:\\\/\\\/www.instagram.com\\\/wagnerundglass\\\/\"]}]}<\/script>\n<!-- \/ Yoast SEO plugin. -->","yoast_head_json":{"title":"Aktionen - Wagner &amp; Glass","robots":{"index":"index","follow":"follow","max-snippet":"max-snippet:-1","max-image-preview":"max-image-preview:large","max-video-preview":"max-video-preview:-1"},"canonical":"https:\/\/wagner-glass.fashion\/en\/boutique\/aktionen\/","og_locale":"en_US","og_type":"article","og_title":"Aktionen - Wagner &amp; Glass","og_description":"F R \u00dc H L I N G 2 0 2 6 NEWSLETTER Melden Sie sich zu unserem Newsletter an und bleiben Sie st\u00e4ndig auf dem Laufenden \u00fcber unsere Aktionen und Neuheiten.","og_url":"https:\/\/wagner-glass.fashion\/en\/boutique\/aktionen\/","og_site_name":"Wagner &amp; Glass","article_modified_time":"2026-03-23T11:06:26+00:00","og_image":[{"width":613,"height":333,"url":"https:\/\/wagner-glass.fashion\/wp-content\/uploads\/2026\/03\/CASAMODA_spring-4.jpg","type":"image\/jpeg"}],"twitter_card":"summary_large_image","twitter_misc":{"Est. reading time":"2 minutes"},"schema":{"@context":"https:\/\/schema.org","@graph":[{"@type":"WebPage","@id":"https:\/\/wagner-glass.fashion\/boutique\/aktionen\/","url":"https:\/\/wagner-glass.fashion\/boutique\/aktionen\/","name":"Aktionen - Wagner &amp; Glass","isPartOf":{"@id":"https:\/\/wagner-glass.fashion\/#website"},"primaryImageOfPage":{"@id":"https:\/\/wagner-glass.fashion\/boutique\/aktionen\/#primaryimage"},"image":{"@id":"https:\/\/wagner-glass.fashion\/boutique\/aktionen\/#primaryimage"},"thumbnailUrl":"https:\/\/wagner-glass.fashion\/wp-content\/uploads\/2026\/03\/CASAMODA_spring-4.jpg","datePublished":"2021-04-23T16:26:32+00:00","dateModified":"2026-03-23T11:06:26+00:00","breadcrumb":{"@id":"https:\/\/wagner-glass.fashion\/boutique\/aktionen\/#breadcrumb"},"inLanguage":"en-US","potentialAction":[{"@type":"ReadAction","target":["https:\/\/wagner-glass.fashion\/boutique\/aktionen\/"]}]},{"@type":"ImageObject","inLanguage":"en-US","@id":"https:\/\/wagner-glass.fashion\/boutique\/aktionen\/#primaryimage","url":"https:\/\/wagner-glass.fashion\/wp-content\/uploads\/2026\/03\/CASAMODA_spring-4.jpg","contentUrl":"https:\/\/wagner-glass.fashion\/wp-content\/uploads\/2026\/03\/CASAMODA_spring-4.jpg"},{"@type":"BreadcrumbList","@id":"https:\/\/wagner-glass.fashion\/boutique\/aktionen\/#breadcrumb","itemListElement":[{"@type":"ListItem","position":1,"name":"Home","item":"https:\/\/wagner-glass.fashion\/"},{"@type":"ListItem","position":2,"name":"Einzelhandel","item":"https:\/\/wagner-glass.fashion\/boutique\/"},{"@type":"ListItem","position":3,"name":"Aktionen"}]},{"@type":"WebSite","@id":"https:\/\/wagner-glass.fashion\/#website","url":"https:\/\/wagner-glass.fashion\/","name":"Wagner & Glass","description":"","publisher":{"@id":"https:\/\/wagner-glass.fashion\/#organization"},"potentialAction":[{"@type":"SearchAction","target":{"@type":"EntryPoint","urlTemplate":"https:\/\/wagner-glass.fashion\/?s={search_term_string}"},"query-input":{"@type":"PropertyValueSpecification","valueRequired":true,"valueName":"search_term_string"}}],"inLanguage":"en-US"},{"@type":"Organization","@id":"https:\/\/wagner-glass.fashion\/#organization","name":"Wagner & Glass","url":"https:\/\/wagner-glass.fashion\/","logo":{"@type":"ImageObject","inLanguage":"en-US","@id":"https:\/\/wagner-glass.fashion\/#\/schema\/logo\/image\/","url":"https:\/\/wagner-glass.fashion\/wp-content\/uploads\/2021\/09\/cropped-WAGL-LOGO-Outline.png","contentUrl":"https:\/\/wagner-glass.fashion\/wp-content\/uploads\/2021\/09\/cropped-WAGL-LOGO-Outline.png","width":512,"height":512,"caption":"Wagner & Glass"},"image":{"@id":"https:\/\/wagner-glass.fashion\/#\/schema\/logo\/image\/"},"sameAs":["https:\/\/www.instagram.com\/wagnerundglass\/"]}]}},"_links":{"self":[{"href":"https:\/\/wagner-glass.fashion\/en\/wp-json\/wp\/v2\/pages\/168","targetHints":{"allow":["GET"]}}],"collection":[{"href":"https:\/\/wagner-glass.fashion\/en\/wp-json\/wp\/v2\/pages"}],"about":[{"href":"https:\/\/wagner-glass.fashion\/en\/wp-json\/wp\/v2\/types\/page"}],"author":[{"embeddable":true,"href":"https:\/\/wagner-glass.fashion\/en\/wp-json\/wp\/v2\/users\/2"}],"replies":[{"embeddable":true,"href":"https:\/\/wagner-glass.fashion\/en\/wp-json\/wp\/v2\/comments?post=168"}],"version-history":[{"count":171,"href":"https:\/\/wagner-glass.fashion\/en\/wp-json\/wp\/v2\/pages\/168\/revisions"}],"predecessor-version":[{"id":2994,"href":"https:\/\/wagner-glass.fashion\/en\/wp-json\/wp\/v2\/pages\/168\/revisions\/2994"}],"up":[{"embeddable":true,"href":"https:\/\/wagner-glass.fashion\/en\/wp-json\/wp\/v2\/pages\/314"}],"wp:attachment":[{"href":"https:\/\/wagner-glass.fashion\/en\/wp-json\/wp\/v2\/media?parent=168"}],"curies":[{"name":"wp","href":"https:\/\/api.w.org\/{rel}","templated":true}]}}