{"id":165,"date":"2021-04-23T18:22:59","date_gmt":"2021-04-23T16:22:59","guid":{"rendered":"https:\/\/wagner-glass.fashion\/?page_id=165"},"modified":"2021-11-24T13:09:29","modified_gmt":"2021-11-24T12:09:29","slug":"uber-uns","status":"publish","type":"page","link":"https:\/\/wagner-glass.fashion\/en\/boutique\/uber-uns\/","title":{"rendered":"About us"},"content":{"rendered":"\n<div class=\"wp-block-wg-fashion-blocks-carousel alignfull carousel slide\"><div class=\"carousel-inner\" data-slick=\"{&quot;arrows&quot;:true,&quot;dots&quot;:false,&quot;autoplay&quot;:false,&quot;autoplaySpeed&quot;:7000}\">\n<div class=\"wp-block-wg-fashion-blocks-carousel-item carousel-item\" data-dark=\"false\"><div class=\"carousel-caption\">\n<div class=\"wp-block-media-text alignwide is-stacked-on-mobile is-vertically-aligned-top\"><figure class=\"wp-block-media-text__media\"><img loading=\"lazy\" decoding=\"async\" width=\"800\" height=\"990\" src=\"https:\/\/wagner-glass.fashion\/wp-content\/uploads\/2021\/06\/2-21-Wagner-Glas2309.png\" alt=\"\" class=\"wp-image-613 size-full\" srcset=\"https:\/\/wagner-glass.fashion\/wp-content\/uploads\/2021\/06\/2-21-Wagner-Glas2309.png 800w, https:\/\/wagner-glass.fashion\/wp-content\/uploads\/2021\/06\/2-21-Wagner-Glas2309-242x300.png 242w, https:\/\/wagner-glass.fashion\/wp-content\/uploads\/2021\/06\/2-21-Wagner-Glas2309-768x950.png 768w, https:\/\/wagner-glass.fashion\/wp-content\/uploads\/2021\/06\/2-21-Wagner-Glas2309-10x12.png 10w, https:\/\/wagner-glass.fashion\/wp-content\/uploads\/2021\/06\/2-21-Wagner-Glas2309-600x743.png 600w\" sizes=\"auto, (max-width: 800px) 100vw, 800px\" \/><\/figure><div class=\"wp-block-media-text__content\">\n<p class=\"has-text-align-center\">HERRENMODE SEIT 1895<\/p>\n\n\n\n<div style=\"height:40px\" aria-hidden=\"true\" class=\"wp-block-spacer\"><\/div>\n\n\n\n<h2 class=\"has-text-align-center h1 wp-block-heading\">Herrenmode in bester Qualit\u00e4t<\/h2>\n\n\n\n<div class=\"wp-block-buttons is-content-justification-center is-layout-flex wp-block-buttons-is-layout-flex\">\n<div class=\"wp-block-button is-style-b2c\"><a class=\"wp-block-button__link\">Mehr erfahren<\/a><\/div>\n<\/div>\n<\/div><\/div>\n<\/div><\/div>\n\n\n\n<div class=\"wp-block-wg-fashion-blocks-carousel-item carousel-item\" data-dark=\"false\"><div class=\"carousel-caption\">\n<div class=\"wp-block-media-text alignwide is-stacked-on-mobile is-vertically-aligned-top\"><figure class=\"wp-block-media-text__media\"><img loading=\"lazy\" decoding=\"async\" width=\"600\" height=\"825\" src=\"https:\/\/wagner-glass.fashion\/wp-content\/uploads\/2021\/09\/Hietzinger_Hauptstr_3_hoch.jpg\" alt=\"\" class=\"wp-image-1485 size-full\" srcset=\"https:\/\/wagner-glass.fashion\/wp-content\/uploads\/2021\/09\/Hietzinger_Hauptstr_3_hoch.jpg 600w, https:\/\/wagner-glass.fashion\/wp-content\/uploads\/2021\/09\/Hietzinger_Hauptstr_3_hoch-218x300.jpg 218w, https:\/\/wagner-glass.fashion\/wp-content\/uploads\/2021\/09\/Hietzinger_Hauptstr_3_hoch-9x12.jpg 9w\" sizes=\"auto, (max-width: 600px) 100vw, 600px\" \/><\/figure><div class=\"wp-block-media-text__content\">\n<p class=\"has-text-align-center\">STANDORTE<\/p>\n\n\n\n<div style=\"height:40px\" aria-hidden=\"true\" class=\"wp-block-spacer\"><\/div>\n\n\n\n<h2 class=\"has-text-align-center h1 wp-block-heading\">Top Beratung in unseren Filialen<\/h2>\n\n\n\n<div class=\"wp-block-buttons is-content-justification-center is-layout-flex wp-block-buttons-is-layout-flex\">\n<div class=\"wp-block-button is-style-b2c\"><a class=\"wp-block-button__link\" href=\"https:\/\/wagner-glass.fashion\/boutique\/herrenmode-geschafte\/\">FINDE DEINE FILIALE<\/a><\/div>\n<\/div>\n<\/div><\/div>\n<\/div><\/div>\n\n\n\n<div class=\"wp-block-wg-fashion-blocks-carousel-item carousel-item\" data-dark=\"false\"><div class=\"carousel-caption\">\n<div class=\"wp-block-media-text alignwide is-stacked-on-mobile is-vertically-aligned-top\" style=\"grid-template-columns:46% auto\"><figure class=\"wp-block-media-text__media\"><img loading=\"lazy\" decoding=\"async\" width=\"630\" height=\"945\" src=\"https:\/\/wagner-glass.fashion\/wp-content\/uploads\/2021\/09\/Ragman-Schals.jpeg\" alt=\"\" class=\"wp-image-1441 size-full\" srcset=\"https:\/\/wagner-glass.fashion\/wp-content\/uploads\/2021\/09\/Ragman-Schals.jpeg 630w, https:\/\/wagner-glass.fashion\/wp-content\/uploads\/2021\/09\/Ragman-Schals-200x300.jpeg 200w, https:\/\/wagner-glass.fashion\/wp-content\/uploads\/2021\/09\/Ragman-Schals-8x12.jpeg 8w, https:\/\/wagner-glass.fashion\/wp-content\/uploads\/2021\/09\/Ragman-Schals-600x900.jpeg 600w\" sizes=\"auto, (max-width: 630px) 100vw, 630px\" \/><\/figure><div class=\"wp-block-media-text__content\">\n<p class=\"has-text-align-center\">LEISTBAR<\/p>\n\n\n\n<div style=\"height:40px\" aria-hidden=\"true\" class=\"wp-block-spacer\"><\/div>\n\n\n\n<h2 class=\"has-text-align-center h1 wp-block-heading\">Gro\u00dfes Sortiment und gutes Preis-Leistungsverh\u00e4ltnis <\/h2>\n\n\n\n<div class=\"wp-block-buttons is-content-justification-center is-layout-flex wp-block-buttons-is-layout-flex\">\n<div class=\"wp-block-button is-style-b2c\"><a class=\"wp-block-button__link\" href=\"https:\/\/wagner-glass.fashion\/boutique\/kollektion\/\">Mehr erfahren<\/a><\/div>\n<\/div>\n<\/div><\/div>\n<\/div><\/div>\n<\/div><\/div>\n\n\n\n<div class=\"wp-block-columns is-layout-flex wp-container-core-columns-is-layout-9d6595d7 wp-block-columns-is-layout-flex\">\n<div class=\"wp-block-column is-layout-flow wp-block-column-is-layout-flow\">\n<p class=\"has-medium-font-size\">In unseren 5 <a href=\"#Standorte\"><span class=\"has-inline-color has-black-color\"><strong>Standorten<\/strong><\/span><\/a> in Wien und einer <a href=\"https:\/\/wagner-glass.fashion\/boutique\/herrenmode-geschafte\/\"><span class=\"has-inline-color has-black-color\"><strong>Filiale<\/strong><\/span> in Baden<\/a> beraten wir Sie gerne. <br><br>Unser <a href=\"https:\/\/wagner-glass.fashion\/boutique\/kollektion\/#Sortiment\"><span class=\"has-inline-color has-black-color\"><strong>Sortiment<\/strong><\/span><\/a> umfasst unter anderem Herren Sakkos, Herren Anz\u00fcge, Ma\u00dfhemden, Jeans Jacken und Hosen sowie Herren Bade- und Freizeit Bekleidung.<\/p>\n<\/div>\n\n\n\n<div class=\"wp-block-column is-layout-flow wp-block-column-is-layout-flow\">\n<h2 class=\"wp-block-heading\">Victor Wagner&amp;Glass GmbH<\/h2>\n\n\n\n<p class=\"has-medium-font-size\">Thaliastra\u00dfe 74<br>1160 Wien<br>T +43 1 480 81 11<br><strong><a href=\"mailto:office@wagner-glass.com\">office@wagner-glass.com<\/a><\/strong><\/p>\n\n\n\n<hr class=\"wp-block-separator is-style-default\"\/>\n\n\n\n<p class=\"has-medium-font-size\"><br>Ihre Ansprechpartner:<br><br>MICHEL WAGNER \u2013 <em>Gesch\u00e4ftsf\u00fchrer <\/em><br>+43 1 480 81 11  11 <br>e-mail: <a href=\"mailto:michel@wagner-glass.com\"><strong>michel@wagner-glass.com<\/strong><\/a><br><br>VICTOR WAGNER \u2013 <em>Gesch\u00e4ftsf\u00fchrer<\/em><br>+43 1 480 81 11 0<br>e-mail: <a href=\"victor@wagner-glass.com\"><strong>victor@wagner-glass.com<\/strong><\/a><br><br>ANDREA H\u00dcTTER  \u2013 <em>Store Managerin<\/em><br>+43 1 480 81 11 33<br>e-mail: <a href=\"andrea.huetter@wagner-glass.com\"><strong>andrea.huetter@wagner-glass.com<\/strong><\/a><\/p>\n<\/div>\n<\/div>\n\n\n\n<hr class=\"wp-block-separator is-style-wide\"\/>\n\n\n\n<h2 class=\"has-text-align-center wp-block-heading\" id=\"Standorte\">unsere Standorte<\/h2>\n\n\n<div id=\"wpgmza_map\" class=\"wpgmza_map\" data-settings='{\"id\":\"1\",\"map_title\":\"Wagner und Glass Filialen\",\"map_width\":\"100\",\"map_height\":\"600\",\"map_start_lat\":\"48.20745539222562\",\"map_start_lng\":\"16.37932671803865\",\"map_start_location\":\"45.950464398418106,-109.81550500000003\",\"map_start_zoom\":\"11\",\"default_marker\":\"\",\"type\":\"1\",\"alignment\":\"4\",\"directions_enabled\":\"0\",\"styling_enabled\":\"0\",\"styling_json\":\"\",\"active\":\"0\",\"kml\":\"\",\"bicycle\":\"0\",\"traffic\":\"0\",\"dbox\":\"0\",\"dbox_width\":\"\",\"listmarkers\":\"0\",\"listmarkers_advanced\":\"0\",\"filterbycat\":\"0\",\"ugm_enabled\":\"0\",\"ugm_category_enabled\":\"0\",\"fusion\":\"\",\"map_width_type\":\"%\",\"map_height_type\":\"px\",\"mass_marker_support\":\"0\",\"ugm_access\":\"0\",\"order_markers_by\":\"0\",\"order_markers_choice\":\"0\",\"show_user_location\":\"0\",\"default_to\":\"\",\"other_settings\":{\"map_type\":1,\"sl_stroke_color\":\"\",\"sl_fill_color\":\"\",\"sl_stroke_opacity\":\"\",\"sl_fill_opacity\":\"\",\"transport_layer\":false,\"action\":\"wpgmza_save_map\",\"redirect_to\":\"\\\/wp-admin\\\/admin-post.php\",\"map_id\":\"1\",\"http_referer\":\"\\\/wp-admin\\\/admin.php?page=wp-google-maps-menu&amp;amp;override=1&amp;amp;action=edit&amp;amp;map_id=1\",\"wpgmza_id\":\"1\",\"wpgmza_start_location\":\"48.20745539222562,16.37932671803865\",\"wpgmza_start_zoom\":\"11\",\"wpgmza_theme_data\":\"[{\\\"featureType\\\":\\\"landscape\\\",\\\"stylers\\\":[{\\\"saturation\\\":-100},{\\\"lightness\\\":65},{\\\"visibility\\\":\\\"on\\\"}]},{\\\"featureType\\\":\\\"poi\\\",\\\"stylers\\\":[{\\\"saturation\\\":-100},{\\\"lightness\\\":51},{\\\"visibility\\\":\\\"simplified\\\"}]},{\\\"featureType\\\":\\\"road.highway\\\",\\\"stylers\\\":[{\\\"saturation\\\":-100},{\\\"visibility\\\":\\\"simplified\\\"}]},{\\\"featureType\\\":\\\"road.arterial\\\",\\\"stylers\\\":[{\\\"saturation\\\":-100},{\\\"lightness\\\":30},{\\\"visibility\\\":\\\"on\\\"}]},{\\\"featureType\\\":\\\"road.local\\\",\\\"stylers\\\":[{\\\"saturation\\\":-100},{\\\"lightness\\\":40},{\\\"visibility\\\":\\\"on\\\"}]},{\\\"featureType\\\":\\\"transit\\\",\\\"stylers\\\":[{\\\"saturation\\\":-100},{\\\"visibility\\\":\\\"simplified\\\"}]},{\\\"featureType\\\":\\\"administrative.province\\\",\\\"stylers\\\":[{\\\"visibility\\\":\\\"off\\\"}]},{\\\"featureType\\\":\\\"water\\\",\\\"elementType\\\":\\\"labels\\\",\\\"stylers\\\":[{\\\"visibility\\\":\\\"on\\\"},{\\\"lightness\\\":-25},{\\\"saturation\\\":-100}]},{\\\"featureType\\\":\\\"water\\\",\\\"elementType\\\":\\\"geometry\\\",\\\"stylers\\\":[{\\\"hue\\\":\\\"#ffff00\\\"},{\\\"lightness\\\":-25},{\\\"saturation\\\":-97}]}]\",\"store_locator_enabled\":false,\"store_locator_search_area\":\"radial\",\"wpgmza_store_locator_radius_style\":\"legacy\",\"wpgmza_store_locator_default_radius\":\"10\",\"store_locator_auto_area_max_zoom\":\"\",\"store_locator_distance\":false,\"wpgmza_store_locator_position\":false,\"store_locator_show_distance\":false,\"store_locator_category\":false,\"wpgmza_store_locator_use_their_location\":false,\"wpgmza_store_locator_bounce\":false,\"wpgmza_sl_animation\":null,\"wpgmza_store_locator_hide_before_search\":false,\"store_locator_query_string\":\"\",\"store_locator_default_address\":\"\",\"store_locator_name_search\":false,\"store_locator_name_string\":\"\",\"store_locator_not_found_message\":\"\",\"wpgmza_map_align\":\"1\",\"jump_to_nearest_marker_on_initialization\":false,\"automatically_pan_to_users_location\":false,\"override_users_location_zoom_level\":false,\"override_users_location_zoom_levels\":\"\",\"show_distance_from_location\":false,\"map_max_zoom\":\"21\",\"map_min_zoom\":\"0\",\"click_open_link\":false,\"fit_maps_bounds_to_markers\":false,\"fit_maps_bounds_to_markers_after_filtering\":false,\"hide_point_of_interest\":false,\"wpgmza_zoom_on_marker_click\":false,\"wpgmza_zoom_on_marker_click_slider\":\"\",\"close_infowindow_on_map_click\":false,\"disable_lightbox_images\":false,\"use_Raw_Jpeg_Coordinates\":false,\"polygon_labels\":false,\"disable_polygon_info_windows\":false,\"enable_marker_ratings\":false,\"only_load_markers_within_viewport\":false,\"iw_primary_color\":\"#000000\",\"iw_accent_color\":\"#000000\",\"iw_text_color\":\"#000000\",\"wpgmza_listmarkers_by\":\"0\",\"wpgmza_marker_listing_position\":false,\"wpgmza_push_in_map\":false,\"wpgmza_push_in_map_placement\":null,\"wpgmza_push_in_map_width\":\"\",\"wpgmza_push_in_map_height\":\"\",\"datatable_no_result_message\":\"\",\"remove_search_box_datables\":false,\"dataTable_pagination_style\":null,\"datatable_search_string\":\"\",\"datatable_result_start\":\"\",\"datatable_result_of\":\"\",\"datatable_result_to\":\"\",\"datatable_result_total\":\"\",\"datatable_result_show\":\"\",\"datatable_result_entries\":\"\",\"wpgmza_savemap\":\"Karte speichern \\u00bb\",\"store_locator_location_placeholder\":\"\",\"enable_marker_labels\":false,\"zoom_level_mobile_override_enabled\":false,\"zoom_level_mobile_override\":\"\",\"zoom_level_on_marker_listing_override\":false,\"zoom_level_on_marker_listing_click\":\"\",\"marker_listing_disable_zoom\":false}}' data-map-id='1' Data-maps-engine='google-maps' data-shortcode-attributes='{\"id\":\"1\"}' style=\"display:block; overflow:auto; width:100%; height:600px; float:left;\"><\/div>\n","protected":false},"excerpt":{"rendered":"<p>In unseren 5 Standorten in Wien und einer Filiale in Baden beraten wir Sie gerne. Unser Sortiment umfasst unter anderem Herren Sakkos, Herren Anz\u00fcge, Ma\u00dfhemden, Jeans Jacken und Hosen sowie Herren Bade- und Freizeit Bekleidung. Victor Wagner&amp;Glass GmbH Thaliastra\u00dfe 741160 WienT +43 1 480 81 11office@wagner-glass.com Ihre Ansprechpartner: MICHEL WAGNER \u2013 Gesch\u00e4ftsf\u00fchrer +43 1 480 [&hellip;]<\/p>\n","protected":false},"author":2,"featured_media":0,"parent":314,"menu_order":0,"comment_status":"closed","ping_status":"closed","template":"","meta":{"footnotes":""},"class_list":["post-165","page","type-page","status-publish","hentry"],"yoast_head":"<!-- This site is optimized with the Yoast SEO plugin v27.3 - https:\/\/yoast.com\/product\/yoast-seo-wordpress\/ -->\n<title>\u00dcber uns - Wagner &amp; Glass<\/title>\n<meta name=\"robots\" content=\"index, follow, max-snippet:-1, max-image-preview:large, max-video-preview:-1\" \/>\n<link rel=\"canonical\" href=\"https:\/\/wagner-glass.fashion\/en\/boutique\/uber-uns\/\" \/>\n<meta property=\"og:locale\" content=\"en_US\" \/>\n<meta property=\"og:type\" content=\"article\" \/>\n<meta property=\"og:title\" content=\"\u00dcber uns - Wagner &amp; Glass\" \/>\n<meta property=\"og:description\" content=\"In unseren 5 Standorten in Wien und einer Filiale in Baden beraten wir Sie gerne. Unser Sortiment umfasst unter anderem Herren Sakkos, Herren Anz\u00fcge, Ma\u00dfhemden, Jeans Jacken und Hosen sowie Herren Bade- und Freizeit Bekleidung. Victor Wagner&amp;Glass GmbH Thaliastra\u00dfe 741160 WienT +43 1 480 81 11office@wagner-glass.com Ihre Ansprechpartner: MICHEL WAGNER \u2013 Gesch\u00e4ftsf\u00fchrer +43 1 480 [&hellip;]\" \/>\n<meta property=\"og:url\" content=\"https:\/\/wagner-glass.fashion\/en\/boutique\/uber-uns\/\" \/>\n<meta property=\"og:site_name\" content=\"Wagner &amp; Glass\" \/>\n<meta property=\"article:modified_time\" content=\"2021-11-24T12:09:29+00:00\" \/>\n<meta property=\"og:image\" content=\"https:\/\/wagner-glass.fashion\/wp-content\/uploads\/2021\/06\/2-21-Wagner-Glas2309.png\" \/>\n<meta name=\"twitter:card\" content=\"summary_large_image\" \/>\n<meta name=\"twitter:label1\" content=\"Est. reading time\" \/>\n\t<meta name=\"twitter:data1\" content=\"2 minutes\" \/>\n<script type=\"application\/ld+json\" class=\"yoast-schema-graph\">{\"@context\":\"https:\\\/\\\/schema.org\",\"@graph\":[{\"@type\":\"WebPage\",\"@id\":\"https:\\\/\\\/wagner-glass.fashion\\\/boutique\\\/uber-uns\\\/\",\"url\":\"https:\\\/\\\/wagner-glass.fashion\\\/boutique\\\/uber-uns\\\/\",\"name\":\"\u00dcber uns - Wagner &amp; Glass\",\"isPartOf\":{\"@id\":\"https:\\\/\\\/wagner-glass.fashion\\\/#website\"},\"primaryImageOfPage\":{\"@id\":\"https:\\\/\\\/wagner-glass.fashion\\\/boutique\\\/uber-uns\\\/#primaryimage\"},\"image\":{\"@id\":\"https:\\\/\\\/wagner-glass.fashion\\\/boutique\\\/uber-uns\\\/#primaryimage\"},\"thumbnailUrl\":\"https:\\\/\\\/wagner-glass.fashion\\\/wp-content\\\/uploads\\\/2021\\\/06\\\/2-21-Wagner-Glas2309.png\",\"datePublished\":\"2021-04-23T16:22:59+00:00\",\"dateModified\":\"2021-11-24T12:09:29+00:00\",\"breadcrumb\":{\"@id\":\"https:\\\/\\\/wagner-glass.fashion\\\/boutique\\\/uber-uns\\\/#breadcrumb\"},\"inLanguage\":\"en-US\",\"potentialAction\":[{\"@type\":\"ReadAction\",\"target\":[\"https:\\\/\\\/wagner-glass.fashion\\\/boutique\\\/uber-uns\\\/\"]}]},{\"@type\":\"ImageObject\",\"inLanguage\":\"en-US\",\"@id\":\"https:\\\/\\\/wagner-glass.fashion\\\/boutique\\\/uber-uns\\\/#primaryimage\",\"url\":\"https:\\\/\\\/wagner-glass.fashion\\\/wp-content\\\/uploads\\\/2021\\\/06\\\/2-21-Wagner-Glas2309.png\",\"contentUrl\":\"https:\\\/\\\/wagner-glass.fashion\\\/wp-content\\\/uploads\\\/2021\\\/06\\\/2-21-Wagner-Glas2309.png\"},{\"@type\":\"BreadcrumbList\",\"@id\":\"https:\\\/\\\/wagner-glass.fashion\\\/boutique\\\/uber-uns\\\/#breadcrumb\",\"itemListElement\":[{\"@type\":\"ListItem\",\"position\":1,\"name\":\"Home\",\"item\":\"https:\\\/\\\/wagner-glass.fashion\\\/\"},{\"@type\":\"ListItem\",\"position\":2,\"name\":\"Einzelhandel\",\"item\":\"https:\\\/\\\/wagner-glass.fashion\\\/boutique\\\/\"},{\"@type\":\"ListItem\",\"position\":3,\"name\":\"\u00dcber uns\"}]},{\"@type\":\"WebSite\",\"@id\":\"https:\\\/\\\/wagner-glass.fashion\\\/#website\",\"url\":\"https:\\\/\\\/wagner-glass.fashion\\\/\",\"name\":\"Wagner & Glass\",\"description\":\"\",\"publisher\":{\"@id\":\"https:\\\/\\\/wagner-glass.fashion\\\/#organization\"},\"potentialAction\":[{\"@type\":\"SearchAction\",\"target\":{\"@type\":\"EntryPoint\",\"urlTemplate\":\"https:\\\/\\\/wagner-glass.fashion\\\/?s={search_term_string}\"},\"query-input\":{\"@type\":\"PropertyValueSpecification\",\"valueRequired\":true,\"valueName\":\"search_term_string\"}}],\"inLanguage\":\"en-US\"},{\"@type\":\"Organization\",\"@id\":\"https:\\\/\\\/wagner-glass.fashion\\\/#organization\",\"name\":\"Wagner & Glass\",\"url\":\"https:\\\/\\\/wagner-glass.fashion\\\/\",\"logo\":{\"@type\":\"ImageObject\",\"inLanguage\":\"en-US\",\"@id\":\"https:\\\/\\\/wagner-glass.fashion\\\/#\\\/schema\\\/logo\\\/image\\\/\",\"url\":\"https:\\\/\\\/wagner-glass.fashion\\\/wp-content\\\/uploads\\\/2021\\\/09\\\/cropped-WAGL-LOGO-Outline.png\",\"contentUrl\":\"https:\\\/\\\/wagner-glass.fashion\\\/wp-content\\\/uploads\\\/2021\\\/09\\\/cropped-WAGL-LOGO-Outline.png\",\"width\":512,\"height\":512,\"caption\":\"Wagner & Glass\"},\"image\":{\"@id\":\"https:\\\/\\\/wagner-glass.fashion\\\/#\\\/schema\\\/logo\\\/image\\\/\"},\"sameAs\":[\"https:\\\/\\\/www.instagram.com\\\/wagnerundglass\\\/\"]}]}<\/script>\n<!-- \/ Yoast SEO plugin. -->","yoast_head_json":{"title":"\u00dcber uns - Wagner &amp; Glass","robots":{"index":"index","follow":"follow","max-snippet":"max-snippet:-1","max-image-preview":"max-image-preview:large","max-video-preview":"max-video-preview:-1"},"canonical":"https:\/\/wagner-glass.fashion\/en\/boutique\/uber-uns\/","og_locale":"en_US","og_type":"article","og_title":"\u00dcber uns - Wagner &amp; Glass","og_description":"In unseren 5 Standorten in Wien und einer Filiale in Baden beraten wir Sie gerne. Unser Sortiment umfasst unter anderem Herren Sakkos, Herren Anz\u00fcge, Ma\u00dfhemden, Jeans Jacken und Hosen sowie Herren Bade- und Freizeit Bekleidung. Victor Wagner&amp;Glass GmbH Thaliastra\u00dfe 741160 WienT +43 1 480 81 11office@wagner-glass.com Ihre Ansprechpartner: MICHEL WAGNER \u2013 Gesch\u00e4ftsf\u00fchrer +43 1 480 [&hellip;]","og_url":"https:\/\/wagner-glass.fashion\/en\/boutique\/uber-uns\/","og_site_name":"Wagner &amp; Glass","article_modified_time":"2021-11-24T12:09:29+00:00","og_image":[{"url":"https:\/\/wagner-glass.fashion\/wp-content\/uploads\/2021\/06\/2-21-Wagner-Glas2309.png","type":"","width":"","height":""}],"twitter_card":"summary_large_image","twitter_misc":{"Est. reading time":"2 minutes"},"schema":{"@context":"https:\/\/schema.org","@graph":[{"@type":"WebPage","@id":"https:\/\/wagner-glass.fashion\/boutique\/uber-uns\/","url":"https:\/\/wagner-glass.fashion\/boutique\/uber-uns\/","name":"\u00dcber uns - Wagner &amp; Glass","isPartOf":{"@id":"https:\/\/wagner-glass.fashion\/#website"},"primaryImageOfPage":{"@id":"https:\/\/wagner-glass.fashion\/boutique\/uber-uns\/#primaryimage"},"image":{"@id":"https:\/\/wagner-glass.fashion\/boutique\/uber-uns\/#primaryimage"},"thumbnailUrl":"https:\/\/wagner-glass.fashion\/wp-content\/uploads\/2021\/06\/2-21-Wagner-Glas2309.png","datePublished":"2021-04-23T16:22:59+00:00","dateModified":"2021-11-24T12:09:29+00:00","breadcrumb":{"@id":"https:\/\/wagner-glass.fashion\/boutique\/uber-uns\/#breadcrumb"},"inLanguage":"en-US","potentialAction":[{"@type":"ReadAction","target":["https:\/\/wagner-glass.fashion\/boutique\/uber-uns\/"]}]},{"@type":"ImageObject","inLanguage":"en-US","@id":"https:\/\/wagner-glass.fashion\/boutique\/uber-uns\/#primaryimage","url":"https:\/\/wagner-glass.fashion\/wp-content\/uploads\/2021\/06\/2-21-Wagner-Glas2309.png","contentUrl":"https:\/\/wagner-glass.fashion\/wp-content\/uploads\/2021\/06\/2-21-Wagner-Glas2309.png"},{"@type":"BreadcrumbList","@id":"https:\/\/wagner-glass.fashion\/boutique\/uber-uns\/#breadcrumb","itemListElement":[{"@type":"ListItem","position":1,"name":"Home","item":"https:\/\/wagner-glass.fashion\/"},{"@type":"ListItem","position":2,"name":"Einzelhandel","item":"https:\/\/wagner-glass.fashion\/boutique\/"},{"@type":"ListItem","position":3,"name":"\u00dcber uns"}]},{"@type":"WebSite","@id":"https:\/\/wagner-glass.fashion\/#website","url":"https:\/\/wagner-glass.fashion\/","name":"Wagner & Glass","description":"","publisher":{"@id":"https:\/\/wagner-glass.fashion\/#organization"},"potentialAction":[{"@type":"SearchAction","target":{"@type":"EntryPoint","urlTemplate":"https:\/\/wagner-glass.fashion\/?s={search_term_string}"},"query-input":{"@type":"PropertyValueSpecification","valueRequired":true,"valueName":"search_term_string"}}],"inLanguage":"en-US"},{"@type":"Organization","@id":"https:\/\/wagner-glass.fashion\/#organization","name":"Wagner & Glass","url":"https:\/\/wagner-glass.fashion\/","logo":{"@type":"ImageObject","inLanguage":"en-US","@id":"https:\/\/wagner-glass.fashion\/#\/schema\/logo\/image\/","url":"https:\/\/wagner-glass.fashion\/wp-content\/uploads\/2021\/09\/cropped-WAGL-LOGO-Outline.png","contentUrl":"https:\/\/wagner-glass.fashion\/wp-content\/uploads\/2021\/09\/cropped-WAGL-LOGO-Outline.png","width":512,"height":512,"caption":"Wagner & Glass"},"image":{"@id":"https:\/\/wagner-glass.fashion\/#\/schema\/logo\/image\/"},"sameAs":["https:\/\/www.instagram.com\/wagnerundglass\/"]}]}},"_links":{"self":[{"href":"https:\/\/wagner-glass.fashion\/en\/wp-json\/wp\/v2\/pages\/165","targetHints":{"allow":["GET"]}}],"collection":[{"href":"https:\/\/wagner-glass.fashion\/en\/wp-json\/wp\/v2\/pages"}],"about":[{"href":"https:\/\/wagner-glass.fashion\/en\/wp-json\/wp\/v2\/types\/page"}],"author":[{"embeddable":true,"href":"https:\/\/wagner-glass.fashion\/en\/wp-json\/wp\/v2\/users\/2"}],"replies":[{"embeddable":true,"href":"https:\/\/wagner-glass.fashion\/en\/wp-json\/wp\/v2\/comments?post=165"}],"version-history":[{"count":40,"href":"https:\/\/wagner-glass.fashion\/en\/wp-json\/wp\/v2\/pages\/165\/revisions"}],"predecessor-version":[{"id":1781,"href":"https:\/\/wagner-glass.fashion\/en\/wp-json\/wp\/v2\/pages\/165\/revisions\/1781"}],"up":[{"embeddable":true,"href":"https:\/\/wagner-glass.fashion\/en\/wp-json\/wp\/v2\/pages\/314"}],"wp:attachment":[{"href":"https:\/\/wagner-glass.fashion\/en\/wp-json\/wp\/v2\/media?parent=165"}],"curies":[{"name":"wp","href":"https:\/\/api.w.org\/{rel}","templated":true}]}}