{"id":129,"date":"2021-04-23T16:51:21","date_gmt":"2021-04-23T14:51:21","guid":{"rendered":"https:\/\/wagner-glass.fashion\/?page_id=129"},"modified":"2022-10-20T19:10:12","modified_gmt":"2022-10-20T17:10:12","slug":"philosophie","status":"publish","type":"page","link":"https:\/\/wagner-glass.fashion\/en\/corporate-fashion\/philosophie\/","title":{"rendered":"Company"},"content":{"rendered":"<figure class=\"wp-block-image size-full is-resized is-style-default\"><img loading=\"lazy\" decoding=\"async\" src=\"https:\/\/wagner-glass.fashion\/wp-content\/uploads\/2021\/07\/Wagner-und-Glass-Firmensitz_Thaliastr_74_Retusche.jpg\" alt=\"\" class=\"wp-image-1151\" width=\"1200\" height=\"800\" srcset=\"https:\/\/wagner-glass.fashion\/wp-content\/uploads\/2021\/07\/Wagner-und-Glass-Firmensitz_Thaliastr_74_Retusche.jpg 1200w, https:\/\/wagner-glass.fashion\/wp-content\/uploads\/2021\/07\/Wagner-und-Glass-Firmensitz_Thaliastr_74_Retusche-300x200.jpg 300w, https:\/\/wagner-glass.fashion\/wp-content\/uploads\/2021\/07\/Wagner-und-Glass-Firmensitz_Thaliastr_74_Retusche-1024x683.jpg 1024w, https:\/\/wagner-glass.fashion\/wp-content\/uploads\/2021\/07\/Wagner-und-Glass-Firmensitz_Thaliastr_74_Retusche-768x512.jpg 768w, https:\/\/wagner-glass.fashion\/wp-content\/uploads\/2021\/07\/Wagner-und-Glass-Firmensitz_Thaliastr_74_Retusche-16x12.jpg 16w, https:\/\/wagner-glass.fashion\/wp-content\/uploads\/2021\/07\/Wagner-und-Glass-Firmensitz_Thaliastr_74_Retusche-600x400.jpg 600w\" sizes=\"auto, (max-width: 1200px) 100vw, 1200px\" \/><\/figure>\n\n\n\n<div class=\"wp-block-group\"><div class=\"wp-block-group__inner-container is-layout-flow wp-block-group-is-layout-flow\">\n<div class=\"wp-block-columns is-layout-flex wp-container-core-columns-is-layout-9d6595d7 wp-block-columns-is-layout-flex\">\n<div class=\"wp-block-column is-layout-flow wp-block-column-is-layout-flow\">\n<div class=\"wp-block-image is-style-default\"><figure class=\"aligncenter size-thumbnail is-resized\"><img decoding=\"async\" src=\"https:\/\/wagner-glass.fashion\/wp-content\/uploads\/2021\/06\/Logo-grau.svg\" alt=\"\" class=\"wp-image-465\" width=\"150\" height=\"NaN\"\/><\/figure><\/div>\n<\/div>\n\n\n\n<div class=\"wp-block-column is-layout-flow wp-block-column-is-layout-flow\">\n<p><\/p>\n\n\n\n<p class=\"has-large-font-size\">A 126-YEAR SUCCESS STORY<\/p>\n\n\n\n<p><\/p>\n\n\n\n<p class=\"has-medium-font-size\">Wagner &amp; Glass is one of the most important companies in the Austrian textile industry. \n\nWe outfit many flagship companies such as airlines, train companies and federal services.<\/p>\n<\/div>\n<\/div>\n\n\n\n<div class=\"wp-block-columns is-layout-flex wp-container-core-columns-is-layout-9d6595d7 wp-block-columns-is-layout-flex\">\n<div class=\"wp-block-column is-layout-flow wp-block-column-is-layout-flow\">\n<p><strong>Company Profile<\/strong><br><br>As a specialist in menswear and corporate fashion, our values such as competence, integrity and sustainability guide our corporate actions. Wagner &amp; Glass combines the tradition of a fifth-generation Viennese family business with a modern and innovative corporate identity.&nbsp;<\/p>\n<\/div>\n\n\n\n<div class=\"wp-block-column is-layout-flow wp-block-column-is-layout-flow\">\n<p><strong>Company structure<\/strong><br><br>Our company is organised into wholesale, workwear, corporate fashion and retail segments. Wagner &amp; Glass' core processes thus consist of meticulous purchasing, a personal customer service and thorough advice, logistics and scheduling, as well as retail sales. The company has 6 retail branches including our head office, which is located at Thaliastra\u00dfe 74 in Vienna's 16th district. Michel Wagner is the current managing director. The organisation chart below provides a more detailed overview of the structure of our company.<\/p>\n<\/div>\n<\/div>\n\n\n\n<div class=\"wp-block-columns is-layout-flex wp-container-core-columns-is-layout-9d6595d7 wp-block-columns-is-layout-flex\">\n<div class=\"wp-block-column is-layout-flow wp-block-column-is-layout-flow\">\n<div style=\"height:30px\" aria-hidden=\"true\" class=\"wp-block-spacer\"><\/div>\n<\/div>\n<\/div>\n<\/div><\/div>\n\n\n\n<div class=\"wp-block-wg-fashion-blocks-timeline alignfull timeline slide\"><div class=\"timeline-inner\" data-slick=\"{&quot;arrows&quot;:true,&quot;dots&quot;:false,&quot;autoplay&quot;:false,&quot;autoplaySpeed&quot;:7000}\">\n<div class=\"wp-block-wg-fashion-blocks-timeline-item timeline-item\"><p class=\"heading-content\">1895<\/p><div class=\"carousel-caption\">\n<div class=\"wp-block-media-text alignwide is-stacked-on-mobile is-vertically-aligned-top\" style=\"grid-template-columns:41% auto\"><figure class=\"wp-block-media-text__media\"><img loading=\"lazy\" decoding=\"async\" width=\"1024\" height=\"614\" src=\"https:\/\/wagner-glass.fashion\/wp-content\/uploads\/2021\/06\/9C2CF542-188E-4D6D-83A2-9AA84DA63F74_1537551969756316-1024x614.jpg\" alt=\"\" class=\"wp-image-951 size-full\" srcset=\"https:\/\/wagner-glass.fashion\/wp-content\/uploads\/2021\/06\/9C2CF542-188E-4D6D-83A2-9AA84DA63F74_1537551969756316-1024x614.jpg 1024w, https:\/\/wagner-glass.fashion\/wp-content\/uploads\/2021\/06\/9C2CF542-188E-4D6D-83A2-9AA84DA63F74_1537551969756316-300x180.jpg 300w, https:\/\/wagner-glass.fashion\/wp-content\/uploads\/2021\/06\/9C2CF542-188E-4D6D-83A2-9AA84DA63F74_1537551969756316-768x461.jpg 768w, https:\/\/wagner-glass.fashion\/wp-content\/uploads\/2021\/06\/9C2CF542-188E-4D6D-83A2-9AA84DA63F74_1537551969756316-1536x922.jpg 1536w, https:\/\/wagner-glass.fashion\/wp-content\/uploads\/2021\/06\/9C2CF542-188E-4D6D-83A2-9AA84DA63F74_1537551969756316-16x10.jpg 16w, https:\/\/wagner-glass.fashion\/wp-content\/uploads\/2021\/06\/9C2CF542-188E-4D6D-83A2-9AA84DA63F74_1537551969756316-600x360.jpg 600w, https:\/\/wagner-glass.fashion\/wp-content\/uploads\/2021\/06\/9C2CF542-188E-4D6D-83A2-9AA84DA63F74_1537551969756316.jpg 1600w\" sizes=\"auto, (max-width: 1024px) 100vw, 1024px\" \/><\/figure><div class=\"wp-block-media-text__content\">\n<p><\/p>\n\n\n\n<p class=\"has-text-align-center has-medium-font-size\">Company was founded by Victor Wagner in 1895. <\/p>\n\n\n\n<p class=\"has-text-align-center\">Vienna had a population of about 1.5 million then and was the fourth largest city in Europe. Almost 25% of immigrants were immigrants from Bohemia and Moravia, and almost 10% were Jewish.<\/p>\n<\/div><\/div>\n<\/div><\/div>\n\n\n\n<div class=\"wp-block-wg-fashion-blocks-timeline-item timeline-item\"><p class=\"heading-content\">1930<\/p><div class=\"carousel-caption\">\n<div class=\"wp-block-media-text alignwide has-media-on-the-right is-stacked-on-mobile is-vertically-aligned-top\" style=\"grid-template-columns:auto 28%\"><figure class=\"wp-block-media-text__media\"><img loading=\"lazy\" decoding=\"async\" width=\"246\" height=\"183\" src=\"https:\/\/wagner-glass.fashion\/wp-content\/uploads\/2021\/07\/Wien-Urania-1930-1.png\" alt=\"\" class=\"wp-image-1131 size-full\" srcset=\"https:\/\/wagner-glass.fashion\/wp-content\/uploads\/2021\/07\/Wien-Urania-1930-1.png 246w, https:\/\/wagner-glass.fashion\/wp-content\/uploads\/2021\/07\/Wien-Urania-1930-1-16x12.png 16w\" sizes=\"auto, (max-width: 246px) 100vw, 246px\" \/><\/figure><div class=\"wp-block-media-text__content\">\n<p class=\"has-text-align-center has-regular-font-size\"><br><br><strong>We celebrated our 35th anniversary<\/strong> with Victor, Siegfried, Malvine and Louis despite the world economic crisis.<\/p>\n<\/div><\/div>\n<\/div><\/div>\n\n\n\n<div class=\"wp-block-wg-fashion-blocks-timeline-item timeline-item\"><p class=\"heading-content\">till 1938<\/p><div class=\"carousel-caption\">\n<div class=\"wp-block-media-text alignwide is-stacked-on-mobile is-vertically-aligned-top\"><figure class=\"wp-block-media-text__media\"><\/figure><div class=\"wp-block-media-text__content\">\n<p class=\"has-text-align-center\">The company developed well and had a considerable customer base in Austria and Eastern Europe.<\/p>\n<\/div><\/div>\n<\/div><\/div>\n\n\n\n<div class=\"wp-block-wg-fashion-blocks-timeline-item timeline-item\"><p class=\"heading-content\">the 1960s<\/p><div class=\"carousel-caption\">\n<div class=\"wp-block-media-text alignwide is-stacked-on-mobile is-vertically-aligned-top\"><figure class=\"wp-block-media-text__media\"><\/figure><div class=\"wp-block-media-text__content\">\n<p class=\"has-text-align-center translation-block\">In the 1960s, the business areas were expanded. Retail shops were opened and wholesale was established.\n\nThese areas, with new partners and international connections, are still integral to the company's concept.<\/p>\n<\/div><\/div>\n<\/div><\/div>\n\n\n\n<div class=\"wp-block-wg-fashion-blocks-timeline-item timeline-item\"><p class=\"heading-content\"><strong>the 1990s<\/strong><\/p><div class=\"carousel-caption\">\n<div class=\"wp-block-media-text alignwide has-media-on-the-right is-stacked-on-mobile is-vertically-aligned-top\"><figure class=\"wp-block-media-text__media\"><img loading=\"lazy\" decoding=\"async\" width=\"831\" height=\"529\" src=\"https:\/\/wagner-glass.fashion\/wp-content\/uploads\/2021\/04\/Zentrale-Thaliastrasse-SW.jpg\" alt=\"\" class=\"wp-image-266 size-full\" srcset=\"https:\/\/wagner-glass.fashion\/wp-content\/uploads\/2021\/04\/Zentrale-Thaliastrasse-SW.jpg 831w, https:\/\/wagner-glass.fashion\/wp-content\/uploads\/2021\/04\/Zentrale-Thaliastrasse-SW-300x191.jpg 300w, https:\/\/wagner-glass.fashion\/wp-content\/uploads\/2021\/04\/Zentrale-Thaliastrasse-SW-768x489.jpg 768w, https:\/\/wagner-glass.fashion\/wp-content\/uploads\/2021\/04\/Zentrale-Thaliastrasse-SW-16x10.jpg 16w\" sizes=\"auto, (max-width: 831px) 100vw, 831px\" \/><\/figure><div class=\"wp-block-media-text__content\">\n<p class=\"has-text-align-center translation-block\">Since the mid-90s, the company has increasingly established itself in the corporate fashion sector and is now one of the major textile companies in Austria.<\/p>\n<\/div><\/div>\n<\/div><\/div>\n\n\n\n<div class=\"wp-block-wg-fashion-blocks-timeline-item timeline-item\"><p class=\"heading-content\">Today<\/p><div class=\"carousel-caption\">\n<div class=\"wp-block-media-text alignwide is-stacked-on-mobile is-vertically-aligned-top\"><figure class=\"wp-block-media-text__media\"><img loading=\"lazy\" decoding=\"async\" width=\"1024\" height=\"532\" src=\"https:\/\/wagner-glass.fashion\/wp-content\/uploads\/2021\/04\/3er-Gruppe-1024x532.png\" alt=\"\" class=\"wp-image-254 size-full\" srcset=\"https:\/\/wagner-glass.fashion\/wp-content\/uploads\/2021\/04\/3er-Gruppe-1024x532.png 1024w, https:\/\/wagner-glass.fashion\/wp-content\/uploads\/2021\/04\/3er-Gruppe-300x156.png 300w, https:\/\/wagner-glass.fashion\/wp-content\/uploads\/2021\/04\/3er-Gruppe-768x399.png 768w, https:\/\/wagner-glass.fashion\/wp-content\/uploads\/2021\/04\/3er-Gruppe-16x8.png 16w, https:\/\/wagner-glass.fashion\/wp-content\/uploads\/2021\/04\/3er-Gruppe.png 1200w\" sizes=\"auto, (max-width: 1024px) 100vw, 1024px\" \/><\/figure><div class=\"wp-block-media-text__content\">\n<p class=\"has-text-align-center translation-block\">The successful expansion course is to be continued with the aim of becoming one of the leading corporate fashion companies in Europe.<\/p>\n<\/div><\/div>\n<\/div><\/div>\n<\/div><\/div>\n\n\n\n<p><\/p>","protected":false},"excerpt":{"rendered":"<p>EINE 126 J\u00c4HRIGE ERFOLGSGESCHICHTE Seit 1895 geh\u00f6rt Wagner &amp; Glass zu den bedeutendsten Unternehmen der \u00f6sterreichischen Textilindustrie. Firmen Profil Als Spezialist f\u00fcr Herrenmode und Corporate Fashion orientiert sich unser Unternehmen an Werten wie Kompetenz, Integrit\u00e4t und Nachhaltigkeit, die unser unternehmerisches Handeln bestimmen. Wagner &amp; Glass verbindet die Tradition eines in der f\u00fcnften Generation gef\u00fchrten Wiener [&hellip;]<\/p>\n","protected":false},"author":2,"featured_media":0,"parent":13,"menu_order":0,"comment_status":"closed","ping_status":"closed","template":"","meta":{"footnotes":""},"class_list":["post-129","page","type-page","status-publish","hentry"],"yoast_head":"<!-- This site is optimized with the Yoast SEO plugin v27.3 - https:\/\/yoast.com\/product\/yoast-seo-wordpress\/ -->\n<title>Unternehmen - Wagner &amp; Glass<\/title>\n<meta name=\"robots\" content=\"index, follow, max-snippet:-1, max-image-preview:large, max-video-preview:-1\" \/>\n<link rel=\"canonical\" href=\"https:\/\/wagner-glass.fashion\/en\/corporate-fashion\/philosophie\/\" \/>\n<meta property=\"og:locale\" content=\"en_US\" \/>\n<meta property=\"og:type\" content=\"article\" \/>\n<meta property=\"og:title\" content=\"Unternehmen - Wagner &amp; Glass\" \/>\n<meta property=\"og:description\" content=\"EINE 126 J\u00c4HRIGE ERFOLGSGESCHICHTE Seit 1895 geh\u00f6rt Wagner &amp; Glass zu den bedeutendsten Unternehmen der \u00f6sterreichischen Textilindustrie. Firmen Profil Als Spezialist f\u00fcr Herrenmode und Corporate Fashion orientiert sich unser Unternehmen an Werten wie Kompetenz, Integrit\u00e4t und Nachhaltigkeit, die unser unternehmerisches Handeln bestimmen. Wagner &amp; Glass verbindet die Tradition eines in der f\u00fcnften Generation gef\u00fchrten Wiener [&hellip;]\" \/>\n<meta property=\"og:url\" content=\"https:\/\/wagner-glass.fashion\/en\/corporate-fashion\/philosophie\/\" \/>\n<meta property=\"og:site_name\" content=\"Wagner &amp; Glass\" \/>\n<meta property=\"article:modified_time\" content=\"2022-10-20T17:10:12+00:00\" \/>\n<meta property=\"og:image\" content=\"https:\/\/wagner-glass.fashion\/wp-content\/uploads\/2021\/07\/Wagner-und-Glass-Firmensitz_Thaliastr_74_Retusche.jpg\" \/>\n<meta name=\"twitter:card\" content=\"summary_large_image\" \/>\n<meta name=\"twitter:label1\" content=\"Est. reading time\" \/>\n\t<meta name=\"twitter:data1\" content=\"3 minutes\" \/>\n<script type=\"application\/ld+json\" class=\"yoast-schema-graph\">{\"@context\":\"https:\\\/\\\/schema.org\",\"@graph\":[{\"@type\":\"WebPage\",\"@id\":\"https:\\\/\\\/wagner-glass.fashion\\\/corporate-fashion\\\/philosophie\\\/\",\"url\":\"https:\\\/\\\/wagner-glass.fashion\\\/corporate-fashion\\\/philosophie\\\/\",\"name\":\"Unternehmen - Wagner &amp; Glass\",\"isPartOf\":{\"@id\":\"https:\\\/\\\/wagner-glass.fashion\\\/#website\"},\"primaryImageOfPage\":{\"@id\":\"https:\\\/\\\/wagner-glass.fashion\\\/corporate-fashion\\\/philosophie\\\/#primaryimage\"},\"image\":{\"@id\":\"https:\\\/\\\/wagner-glass.fashion\\\/corporate-fashion\\\/philosophie\\\/#primaryimage\"},\"thumbnailUrl\":\"https:\\\/\\\/wagner-glass.fashion\\\/wp-content\\\/uploads\\\/2021\\\/07\\\/Wagner-und-Glass-Firmensitz_Thaliastr_74_Retusche.jpg\",\"datePublished\":\"2021-04-23T14:51:21+00:00\",\"dateModified\":\"2022-10-20T17:10:12+00:00\",\"breadcrumb\":{\"@id\":\"https:\\\/\\\/wagner-glass.fashion\\\/corporate-fashion\\\/philosophie\\\/#breadcrumb\"},\"inLanguage\":\"en-US\",\"potentialAction\":[{\"@type\":\"ReadAction\",\"target\":[\"https:\\\/\\\/wagner-glass.fashion\\\/corporate-fashion\\\/philosophie\\\/\"]}]},{\"@type\":\"ImageObject\",\"inLanguage\":\"en-US\",\"@id\":\"https:\\\/\\\/wagner-glass.fashion\\\/corporate-fashion\\\/philosophie\\\/#primaryimage\",\"url\":\"https:\\\/\\\/wagner-glass.fashion\\\/wp-content\\\/uploads\\\/2021\\\/07\\\/Wagner-und-Glass-Firmensitz_Thaliastr_74_Retusche.jpg\",\"contentUrl\":\"https:\\\/\\\/wagner-glass.fashion\\\/wp-content\\\/uploads\\\/2021\\\/07\\\/Wagner-und-Glass-Firmensitz_Thaliastr_74_Retusche.jpg\"},{\"@type\":\"BreadcrumbList\",\"@id\":\"https:\\\/\\\/wagner-glass.fashion\\\/corporate-fashion\\\/philosophie\\\/#breadcrumb\",\"itemListElement\":[{\"@type\":\"ListItem\",\"position\":1,\"name\":\"Home\",\"item\":\"https:\\\/\\\/wagner-glass.fashion\\\/\"},{\"@type\":\"ListItem\",\"position\":2,\"name\":\"Corporate Fashion\",\"item\":\"https:\\\/\\\/wagner-glass.fashion\\\/corporate-fashion\\\/\"},{\"@type\":\"ListItem\",\"position\":3,\"name\":\"Unternehmen\"}]},{\"@type\":\"WebSite\",\"@id\":\"https:\\\/\\\/wagner-glass.fashion\\\/#website\",\"url\":\"https:\\\/\\\/wagner-glass.fashion\\\/\",\"name\":\"Wagner & Glass\",\"description\":\"\",\"publisher\":{\"@id\":\"https:\\\/\\\/wagner-glass.fashion\\\/#organization\"},\"potentialAction\":[{\"@type\":\"SearchAction\",\"target\":{\"@type\":\"EntryPoint\",\"urlTemplate\":\"https:\\\/\\\/wagner-glass.fashion\\\/?s={search_term_string}\"},\"query-input\":{\"@type\":\"PropertyValueSpecification\",\"valueRequired\":true,\"valueName\":\"search_term_string\"}}],\"inLanguage\":\"en-US\"},{\"@type\":\"Organization\",\"@id\":\"https:\\\/\\\/wagner-glass.fashion\\\/#organization\",\"name\":\"Wagner & Glass\",\"url\":\"https:\\\/\\\/wagner-glass.fashion\\\/\",\"logo\":{\"@type\":\"ImageObject\",\"inLanguage\":\"en-US\",\"@id\":\"https:\\\/\\\/wagner-glass.fashion\\\/#\\\/schema\\\/logo\\\/image\\\/\",\"url\":\"https:\\\/\\\/wagner-glass.fashion\\\/wp-content\\\/uploads\\\/2021\\\/09\\\/cropped-WAGL-LOGO-Outline.png\",\"contentUrl\":\"https:\\\/\\\/wagner-glass.fashion\\\/wp-content\\\/uploads\\\/2021\\\/09\\\/cropped-WAGL-LOGO-Outline.png\",\"width\":512,\"height\":512,\"caption\":\"Wagner & Glass\"},\"image\":{\"@id\":\"https:\\\/\\\/wagner-glass.fashion\\\/#\\\/schema\\\/logo\\\/image\\\/\"},\"sameAs\":[\"https:\\\/\\\/www.instagram.com\\\/wagnerundglass\\\/\"]}]}<\/script>\n<!-- \/ Yoast SEO plugin. -->","yoast_head_json":{"title":"Unternehmen - Wagner &amp; Glass","robots":{"index":"index","follow":"follow","max-snippet":"max-snippet:-1","max-image-preview":"max-image-preview:large","max-video-preview":"max-video-preview:-1"},"canonical":"https:\/\/wagner-glass.fashion\/en\/corporate-fashion\/philosophie\/","og_locale":"en_US","og_type":"article","og_title":"Unternehmen - Wagner &amp; Glass","og_description":"EINE 126 J\u00c4HRIGE ERFOLGSGESCHICHTE Seit 1895 geh\u00f6rt Wagner &amp; Glass zu den bedeutendsten Unternehmen der \u00f6sterreichischen Textilindustrie. Firmen Profil Als Spezialist f\u00fcr Herrenmode und Corporate Fashion orientiert sich unser Unternehmen an Werten wie Kompetenz, Integrit\u00e4t und Nachhaltigkeit, die unser unternehmerisches Handeln bestimmen. Wagner &amp; Glass verbindet die Tradition eines in der f\u00fcnften Generation gef\u00fchrten Wiener [&hellip;]","og_url":"https:\/\/wagner-glass.fashion\/en\/corporate-fashion\/philosophie\/","og_site_name":"Wagner &amp; Glass","article_modified_time":"2022-10-20T17:10:12+00:00","og_image":[{"url":"https:\/\/wagner-glass.fashion\/wp-content\/uploads\/2021\/07\/Wagner-und-Glass-Firmensitz_Thaliastr_74_Retusche.jpg","type":"","width":"","height":""}],"twitter_card":"summary_large_image","twitter_misc":{"Est. reading time":"3 minutes"},"schema":{"@context":"https:\/\/schema.org","@graph":[{"@type":"WebPage","@id":"https:\/\/wagner-glass.fashion\/corporate-fashion\/philosophie\/","url":"https:\/\/wagner-glass.fashion\/corporate-fashion\/philosophie\/","name":"Unternehmen - Wagner &amp; Glass","isPartOf":{"@id":"https:\/\/wagner-glass.fashion\/#website"},"primaryImageOfPage":{"@id":"https:\/\/wagner-glass.fashion\/corporate-fashion\/philosophie\/#primaryimage"},"image":{"@id":"https:\/\/wagner-glass.fashion\/corporate-fashion\/philosophie\/#primaryimage"},"thumbnailUrl":"https:\/\/wagner-glass.fashion\/wp-content\/uploads\/2021\/07\/Wagner-und-Glass-Firmensitz_Thaliastr_74_Retusche.jpg","datePublished":"2021-04-23T14:51:21+00:00","dateModified":"2022-10-20T17:10:12+00:00","breadcrumb":{"@id":"https:\/\/wagner-glass.fashion\/corporate-fashion\/philosophie\/#breadcrumb"},"inLanguage":"en-US","potentialAction":[{"@type":"ReadAction","target":["https:\/\/wagner-glass.fashion\/corporate-fashion\/philosophie\/"]}]},{"@type":"ImageObject","inLanguage":"en-US","@id":"https:\/\/wagner-glass.fashion\/corporate-fashion\/philosophie\/#primaryimage","url":"https:\/\/wagner-glass.fashion\/wp-content\/uploads\/2021\/07\/Wagner-und-Glass-Firmensitz_Thaliastr_74_Retusche.jpg","contentUrl":"https:\/\/wagner-glass.fashion\/wp-content\/uploads\/2021\/07\/Wagner-und-Glass-Firmensitz_Thaliastr_74_Retusche.jpg"},{"@type":"BreadcrumbList","@id":"https:\/\/wagner-glass.fashion\/corporate-fashion\/philosophie\/#breadcrumb","itemListElement":[{"@type":"ListItem","position":1,"name":"Home","item":"https:\/\/wagner-glass.fashion\/"},{"@type":"ListItem","position":2,"name":"Corporate Fashion","item":"https:\/\/wagner-glass.fashion\/corporate-fashion\/"},{"@type":"ListItem","position":3,"name":"Unternehmen"}]},{"@type":"WebSite","@id":"https:\/\/wagner-glass.fashion\/#website","url":"https:\/\/wagner-glass.fashion\/","name":"Wagner & Glass","description":"","publisher":{"@id":"https:\/\/wagner-glass.fashion\/#organization"},"potentialAction":[{"@type":"SearchAction","target":{"@type":"EntryPoint","urlTemplate":"https:\/\/wagner-glass.fashion\/?s={search_term_string}"},"query-input":{"@type":"PropertyValueSpecification","valueRequired":true,"valueName":"search_term_string"}}],"inLanguage":"en-US"},{"@type":"Organization","@id":"https:\/\/wagner-glass.fashion\/#organization","name":"Wagner & Glass","url":"https:\/\/wagner-glass.fashion\/","logo":{"@type":"ImageObject","inLanguage":"en-US","@id":"https:\/\/wagner-glass.fashion\/#\/schema\/logo\/image\/","url":"https:\/\/wagner-glass.fashion\/wp-content\/uploads\/2021\/09\/cropped-WAGL-LOGO-Outline.png","contentUrl":"https:\/\/wagner-glass.fashion\/wp-content\/uploads\/2021\/09\/cropped-WAGL-LOGO-Outline.png","width":512,"height":512,"caption":"Wagner & Glass"},"image":{"@id":"https:\/\/wagner-glass.fashion\/#\/schema\/logo\/image\/"},"sameAs":["https:\/\/www.instagram.com\/wagnerundglass\/"]}]}},"_links":{"self":[{"href":"https:\/\/wagner-glass.fashion\/en\/wp-json\/wp\/v2\/pages\/129","targetHints":{"allow":["GET"]}}],"collection":[{"href":"https:\/\/wagner-glass.fashion\/en\/wp-json\/wp\/v2\/pages"}],"about":[{"href":"https:\/\/wagner-glass.fashion\/en\/wp-json\/wp\/v2\/types\/page"}],"author":[{"embeddable":true,"href":"https:\/\/wagner-glass.fashion\/en\/wp-json\/wp\/v2\/users\/2"}],"replies":[{"embeddable":true,"href":"https:\/\/wagner-glass.fashion\/en\/wp-json\/wp\/v2\/comments?post=129"}],"version-history":[{"count":43,"href":"https:\/\/wagner-glass.fashion\/en\/wp-json\/wp\/v2\/pages\/129\/revisions"}],"predecessor-version":[{"id":2401,"href":"https:\/\/wagner-glass.fashion\/en\/wp-json\/wp\/v2\/pages\/129\/revisions\/2401"}],"up":[{"embeddable":true,"href":"https:\/\/wagner-glass.fashion\/en\/wp-json\/wp\/v2\/pages\/13"}],"wp:attachment":[{"href":"https:\/\/wagner-glass.fashion\/en\/wp-json\/wp\/v2\/media?parent=129"}],"curies":[{"name":"wp","href":"https:\/\/api.w.org\/{rel}","templated":true}]}}